{"id":13685,"date":"2024-01-18T11:44:44","date_gmt":"2024-01-18T11:44:44","guid":{"rendered":"https:\/\/sanchoabarcaboots.store\/?post_type=product&#038;p=13685"},"modified":"2025-03-17T07:46:58","modified_gmt":"2025-03-17T07:46:58","slug":"9027-705-country-napa-rojo","status":"publish","type":"product","link":"https:\/\/sanchoabarcaboots.store\/en\/product\/9027-705-country-napa-rojo\/","title":{"rendered":"9027-705 COUNTRY- Napa Rojo"},"content":{"rendered":"<p>Excellent boot for a modern, urban, fashionable lady, maintaining our original Texan style.<br \/>\nThey are ideal for dancing and can be combined with casual clothing or worn with a beautiful dress. Este bot\u00edn te permitir\u00e1 disfrutar de tus mejores momentos de forma c\u00f3moda y ligera. Excellent boot for a modern, urban, fashionable lady, maintaining our original Texan style. They are ideal for dancing and can be combined with casual clothing or worn with a beautiful dress. This boot will allow you to enjoy your best moments in a comfortable and light way. In addition, the color red will add elegance and daring to your looks.<\/p>\n","protected":false},"excerpt":{"rendered":"<p>\u2022 Leather heel with rubber cap.<br \/>\n\u2022 Calf lining.<br \/>\n\u2022 Padded Comfort Insole.<br \/>\n\u2022 Leather sole Plus non-slip rubber piece.<br \/>\n\u2022 Laces.<\/p>\n","protected":false},"featured_media":13701,"comment_status":"open","ping_status":"closed","template":"","meta":{"_seopress_robots_primary_cat":"none","_seopress_titles_title":"Sancho Abarca Boots-2025 COUNTRY 9027 NAPA RED","_seopress_titles_desc":"Official Store. Discover our collection of Western, Biker, Custom and Exotic boots. Made in Spain with the Goodyear system. Fast and free shipping.","_seopress_robots_index":"","_joinchat":[]},"product_brand":[],"product_cat":[574,579,580,572],"product_tag":[],"class_list":{"0":"post-13685","1":"product","2":"type-product","3":"status-publish","4":"has-post-thumbnail","6":"product_cat-ankle-boot","7":"product_cat-texan-woman-en","8":"product_cat-urban-woman-en","9":"product_cat-woman","11":"first","12":"instock","13":"taxable","14":"shipping-taxable","15":"purchasable","16":"product-type-variable"},"_links":{"self":[{"href":"https:\/\/sanchoabarcaboots.store\/en\/wp-json\/wp\/v2\/product\/13685","targetHints":{"allow":["GET"]}}],"collection":[{"href":"https:\/\/sanchoabarcaboots.store\/en\/wp-json\/wp\/v2\/product"}],"about":[{"href":"https:\/\/sanchoabarcaboots.store\/en\/wp-json\/wp\/v2\/types\/product"}],"replies":[{"embeddable":true,"href":"https:\/\/sanchoabarcaboots.store\/en\/wp-json\/wp\/v2\/comments?post=13685"}],"wp:featuredmedia":[{"embeddable":true,"href":"https:\/\/sanchoabarcaboots.store\/en\/wp-json\/wp\/v2\/media\/13701"}],"wp:attachment":[{"href":"https:\/\/sanchoabarcaboots.store\/en\/wp-json\/wp\/v2\/media?parent=13685"}],"wp:term":[{"taxonomy":"product_brand","embeddable":true,"href":"https:\/\/sanchoabarcaboots.store\/en\/wp-json\/wp\/v2\/product_brand?post=13685"},{"taxonomy":"product_cat","embeddable":true,"href":"https:\/\/sanchoabarcaboots.store\/en\/wp-json\/wp\/v2\/product_cat?post=13685"},{"taxonomy":"product_tag","embeddable":true,"href":"https:\/\/sanchoabarcaboots.store\/en\/wp-json\/wp\/v2\/product_tag?post=13685"}],"curies":[{"name":"wp","href":"https:\/\/api.w.org\/{rel}","templated":true}]}}