{"id":12331,"date":"2023-03-14T09:55:43","date_gmt":"2023-03-14T09:55:43","guid":{"rendered":"https:\/\/sanchoabarcaboots.store\/product\/6397-pablo-west-teja-zamzibar-negro\/"},"modified":"2023-03-14T09:55:43","modified_gmt":"2023-03-14T09:55:43","slug":"6397-pablo-west-teja-zamzibar-negro","status":"publish","type":"product","link":"https:\/\/sanchoabarcaboots.store\/en\/product\/6397-pablo-west-teja-zamzibar-negro\/","title":{"rendered":"6397 PABLO WEST TEJA \/ ZAMZIBAR NEGRO"},"content":{"rendered":"<p>Excelente Bota de caballero. Actual, urbano, de moda y manteniendo nuestra forma original estilo tejano.<br \/>\nBota en piel de vacuno finalizaci\u00f3n vintage y serpiente imitacion grabada sobre piel vacuna. Bota ideal para combinar con ropa informal y marcar la diferencia. Esta bota te permitir\u00e1 disfrutar de tus mejores momentos de forma c\u00f3moda y ligera. Siente al Calzar esta bota el comienzo de una larga traves\u00eda sin preocuparte de tus pies.<\/p>\n","protected":false},"excerpt":{"rendered":"<p>&#8211; Doble cosido a la suela construcci\u00f3n Goodyear welted.<br \/>\n&#8211; Botas hechas 100% en cuero.<br \/>\n&#8211; Hecho a mano en Espa\u00f1a<\/p>\n","protected":false},"featured_media":12312,"comment_status":"open","ping_status":"closed","template":"","meta":{"_seopress_robots_primary_cat":"","_seopress_titles_title":"","_seopress_titles_desc":"","_seopress_robots_index":"","_joinchat":[]},"product_brand":[],"product_cat":[565,570],"product_tag":[],"class_list":{"0":"post-12331","1":"product","2":"type-product","3":"status-publish","4":"has-post-thumbnail","6":"product_cat-man","7":"product_cat-texan","9":"first","10":"instock","11":"taxable","12":"shipping-taxable","13":"product-type-variable"},"_links":{"self":[{"href":"https:\/\/sanchoabarcaboots.store\/en\/wp-json\/wp\/v2\/product\/12331","targetHints":{"allow":["GET"]}}],"collection":[{"href":"https:\/\/sanchoabarcaboots.store\/en\/wp-json\/wp\/v2\/product"}],"about":[{"href":"https:\/\/sanchoabarcaboots.store\/en\/wp-json\/wp\/v2\/types\/product"}],"replies":[{"embeddable":true,"href":"https:\/\/sanchoabarcaboots.store\/en\/wp-json\/wp\/v2\/comments?post=12331"}],"wp:featuredmedia":[{"embeddable":true,"href":"https:\/\/sanchoabarcaboots.store\/en\/wp-json\/wp\/v2\/media\/12312"}],"wp:attachment":[{"href":"https:\/\/sanchoabarcaboots.store\/en\/wp-json\/wp\/v2\/media?parent=12331"}],"wp:term":[{"taxonomy":"product_brand","embeddable":true,"href":"https:\/\/sanchoabarcaboots.store\/en\/wp-json\/wp\/v2\/product_brand?post=12331"},{"taxonomy":"product_cat","embeddable":true,"href":"https:\/\/sanchoabarcaboots.store\/en\/wp-json\/wp\/v2\/product_cat?post=12331"},{"taxonomy":"product_tag","embeddable":true,"href":"https:\/\/sanchoabarcaboots.store\/en\/wp-json\/wp\/v2\/product_tag?post=12331"}],"curies":[{"name":"wp","href":"https:\/\/api.w.org\/{rel}","templated":true}]}}