{"id":14642,"date":"2024-11-12T13:51:04","date_gmt":"2024-11-12T13:51:04","guid":{"rendered":"https:\/\/sanchoabarcaboots.store\/?post_type=product&#038;p=14642"},"modified":"2025-03-13T18:08:06","modified_gmt":"2025-03-13T18:08:06","slug":"5049-307-madison-crazy-old-moka","status":"publish","type":"product","link":"https:\/\/sanchoabarcaboots.store\/de\/produkt\/5049-307-madison-crazy-old-moka\/","title":{"rendered":"5049-307 MADISON-Crazy Old Moka"},"content":{"rendered":"<p>Ein klassischer Stiefel im Urban-Biker-Stil, der aufgrund seiner Qualit\u00e4t und Widerstandsf\u00e4higkeit seit mehr als 30 Jahren in unserer Kollektion ist. Es handelt sich um einen Stiefel aus mokkafarbenem Rindsleder. Ideal zum Tragen mit Jeanskleidung, bequem und funktionell f\u00fcr den t\u00e4glichen Gebrauch. Eines der Starprodukte. Es hat eine quadratische Spitze und sein Sporn ist mit einer antiken Goldschnalle verziert. Es verf\u00fcgt \u00fcber seitliche Gummiz\u00fcge, um das Anziehen zu erleichtern, und ist mit Leder \u00fcberzogen. Die Sohle besteht aus Naturleder und die Ferse ist mit einer Gummikappe gesch\u00fctzt, die f\u00fcr Komfort und Sicherheit sorgt. Da er von Hand gefertigt wird, handelt es sich um einen QUALIT\u00c4TS stiefel, der sowohl die Umwelt als auch Ihre F\u00fc\u00dfe respektiert. Die doppelt gen\u00e4hte Goodyear-Herstellung verleiht ihm eine hohe Widerstandsf\u00e4higkeit und respektiert die anatomische Form der Fu\u00dfsohlen. Die Pflege ist einfach, da es lediglich mit einem feuchten Baumwolltuch gereinigt und mit Pferdefett poliert werden muss.<\/p>\n","protected":false},"excerpt":{"rendered":"<p>\u2022 Lederfutter.<br \/>\n\u2022 Komfortstiefelsohle.<br \/>\n\u2022 Seitliche Gummiz\u00fcge.<br \/>\n\u2022 Fester Gurt.<\/p>\n","protected":false},"featured_media":14581,"comment_status":"open","ping_status":"closed","template":"","meta":{"_seopress_robots_primary_cat":"none","_seopress_titles_title":"Sancho Abarca Stiefel-2025 MADISON 5049 MOKA","_seopress_titles_desc":"Offizieller Shop. Entdecken Sie unsere Kollektion an Western, Biker, Custom und Exotenstiefeln. Hergestellt in Spanien mit dem Goodyear-System. Schneller und kostenloser Versand.","_seopress_robots_index":"","_joinchat":[]},"product_brand":[],"product_cat":[856,1134],"product_tag":[],"class_list":{"0":"post-14642","1":"product","2":"type-product","3":"status-publish","4":"has-post-thumbnail","6":"product_cat-biker-de-mann","7":"product_cat-unisex-de","9":"first","10":"instock","11":"taxable","12":"shipping-taxable","13":"purchasable","14":"product-type-variable"},"_links":{"self":[{"href":"https:\/\/sanchoabarcaboots.store\/de\/wp-json\/wp\/v2\/product\/14642","targetHints":{"allow":["GET"]}}],"collection":[{"href":"https:\/\/sanchoabarcaboots.store\/de\/wp-json\/wp\/v2\/product"}],"about":[{"href":"https:\/\/sanchoabarcaboots.store\/de\/wp-json\/wp\/v2\/types\/product"}],"replies":[{"embeddable":true,"href":"https:\/\/sanchoabarcaboots.store\/de\/wp-json\/wp\/v2\/comments?post=14642"}],"wp:featuredmedia":[{"embeddable":true,"href":"https:\/\/sanchoabarcaboots.store\/de\/wp-json\/wp\/v2\/media\/14581"}],"wp:attachment":[{"href":"https:\/\/sanchoabarcaboots.store\/de\/wp-json\/wp\/v2\/media?parent=14642"}],"wp:term":[{"taxonomy":"product_brand","embeddable":true,"href":"https:\/\/sanchoabarcaboots.store\/de\/wp-json\/wp\/v2\/product_brand?post=14642"},{"taxonomy":"product_cat","embeddable":true,"href":"https:\/\/sanchoabarcaboots.store\/de\/wp-json\/wp\/v2\/product_cat?post=14642"},{"taxonomy":"product_tag","embeddable":true,"href":"https:\/\/sanchoabarcaboots.store\/de\/wp-json\/wp\/v2\/product_tag?post=14642"}],"curies":[{"name":"wp","href":"https:\/\/api.w.org\/{rel}","templated":true}]}}