{"id":14448,"date":"2024-09-16T10:24:40","date_gmt":"2024-09-16T10:24:40","guid":{"rendered":"https:\/\/sanchoabarcaboots.store\/?post_type=product&#038;p=14448"},"modified":"2025-03-13T18:24:06","modified_gmt":"2025-03-13T18:24:06","slug":"2493-532-ines-rony-totem","status":"publish","type":"product","link":"https:\/\/sanchoabarcaboots.store\/de\/produkt\/2493-532-ines-rony-totem\/","title":{"rendered":"2493-532 INES- Rony Totem"},"content":{"rendered":"<p>INES, ein Stiefel, der bis \u00fcber den Kn\u00f6chel reicht, bequem und flexibel ist. Dank des breiten Absatzes und der Gummiz\u00fcge l\u00e4sst sich dieses Modell den ganzen Tag \u00fcber sehr bequem tragen. Mit einem zeitlosen Design, das dezente Linien mit ganz besonderen Details im texanischen Stil verbindet. Die Stiefel sollten fest am Fu\u00df anliegen, sie sollten sich nicht schlaff oder sehr eng anf\u00fchlen, sondern eng anliegen, denn da sie aus Leder sind, wird das Leder mit der Zeit nachgeben und wir werden sie immer bequemer empfinden.<\/p>\n","protected":false},"excerpt":{"rendered":"<p>\u2022 Lederfutter.<\/p>\n<p>\u2022 Komfortstiefelsohle.<\/p>\n<p>\u2022 Mit Leder \u00fcberzogene seitliche Gummiz\u00fcge.<\/p>\n<p>\u2022 Stickerei auf dem Spann.<\/p>\n","protected":false},"featured_media":14439,"comment_status":"open","ping_status":"closed","template":"","meta":{"_seopress_robots_primary_cat":"none","_seopress_titles_title":"Sancho Abarca Stiefel-2025 INES 2493 RONY TOTEM","_seopress_titles_desc":"Offizieller Shop. Entdecken Sie unsere Kollektion an Western, Biker, Custom und Exotenstiefeln. Hergestellt in Spanien mit dem Goodyear-System. Schneller und kostenloser Versand.","_seopress_robots_index":"","_joinchat":[]},"product_brand":[],"product_cat":[865,863,858],"product_tag":[],"class_list":{"0":"post-14448","1":"product","2":"type-product","3":"status-publish","4":"has-post-thumbnail","6":"product_cat-beute-de","7":"product_cat-damen-de","8":"product_cat-texanisch","10":"first","11":"instock","12":"taxable","13":"shipping-taxable","14":"purchasable","15":"product-type-variable"},"_links":{"self":[{"href":"https:\/\/sanchoabarcaboots.store\/de\/wp-json\/wp\/v2\/product\/14448","targetHints":{"allow":["GET"]}}],"collection":[{"href":"https:\/\/sanchoabarcaboots.store\/de\/wp-json\/wp\/v2\/product"}],"about":[{"href":"https:\/\/sanchoabarcaboots.store\/de\/wp-json\/wp\/v2\/types\/product"}],"replies":[{"embeddable":true,"href":"https:\/\/sanchoabarcaboots.store\/de\/wp-json\/wp\/v2\/comments?post=14448"}],"wp:featuredmedia":[{"embeddable":true,"href":"https:\/\/sanchoabarcaboots.store\/de\/wp-json\/wp\/v2\/media\/14439"}],"wp:attachment":[{"href":"https:\/\/sanchoabarcaboots.store\/de\/wp-json\/wp\/v2\/media?parent=14448"}],"wp:term":[{"taxonomy":"product_brand","embeddable":true,"href":"https:\/\/sanchoabarcaboots.store\/de\/wp-json\/wp\/v2\/product_brand?post=14448"},{"taxonomy":"product_cat","embeddable":true,"href":"https:\/\/sanchoabarcaboots.store\/de\/wp-json\/wp\/v2\/product_cat?post=14448"},{"taxonomy":"product_tag","embeddable":true,"href":"https:\/\/sanchoabarcaboots.store\/de\/wp-json\/wp\/v2\/product_tag?post=14448"}],"curies":[{"name":"wp","href":"https:\/\/api.w.org\/{rel}","templated":true}]}}