{"id":14235,"date":"2024-11-06T11:29:12","date_gmt":"2024-11-06T11:29:12","guid":{"rendered":"https:\/\/sanchoabarcaboots.store\/?post_type=product&#038;p=14235"},"modified":"2025-03-13T18:11:37","modified_gmt":"2025-03-13T18:11:37","slug":"5635-71-engineer-iii-crazy-old-sadale","status":"publish","type":"product","link":"https:\/\/sanchoabarcaboots.store\/de\/produkt\/5635-71-engineer-iii-crazy-old-sadale\/","title":{"rendered":"5635-71 ENGINEER III- Crazy Old Sadale"},"content":{"rendered":"<p>ENGINEER BOOTS Modeikone, Ausdrucksform und Stilaussage. Stiefel im Biker-Stil, wegen seiner Widerstandsf\u00e4higkeit und Sicherheit auch Arbeitsstiefel genannt. Bergboden, Vollgummisohle aus resistentem und rutschfestem Material. Vollnarbiges, mit \u00d6len behandeltes Rindsleder, Lederfutter, gepolsterte Innensohle, Riemen zur Anpassung des Stiefels an Ihre Ma\u00dfe. Wenn Sie ein Biker sind, Ma\u00dfarbeit m\u00f6gen und Ihren eigenen Stil definieren m\u00f6chten, sind die Engineer-Stiefel eine perfekte Option. Dieses Modell bietet Ihnen Schutz und Sicherheit sowie Widerstandsf\u00e4higkeit und Komfort.<\/p>\n","protected":false},"excerpt":{"rendered":"<p>\u2022 Stiefel mit Berggummisohle. Gummisohle und Absatz.<br \/>\n\u2022 Lederfutter.<br \/>\n\u2022 Komfortstiefelsohle.<br \/>\n\u2022 Riemen zur Anpassung des Stiefels an Ihre Ma\u00dfe.<br \/>\n\u2022 Fester Gurt mit antiken Goldschnallen.<\/p>\n","protected":false},"featured_media":14617,"comment_status":"open","ping_status":"closed","template":"","meta":{"_seopress_robots_primary_cat":"none","_seopress_titles_title":"Sancho Abarca Stiefel-2025 ENGINEER III 5635 SADALE","_seopress_titles_desc":"Offizieller Shop. Entdecken Sie unsere Kollektion an Western, Biker, Custom und Exotenstiefeln. Hergestellt in Spanien mit dem Goodyear-System. Schneller und kostenloser Versand.","_seopress_robots_index":"","_joinchat":[]},"product_brand":[],"product_cat":[856,1134],"product_tag":[],"class_list":{"0":"post-14235","1":"product","2":"type-product","3":"status-publish","4":"has-post-thumbnail","6":"product_cat-biker-de-mann","7":"product_cat-unisex-de","9":"first","10":"instock","11":"taxable","12":"shipping-taxable","13":"purchasable","14":"product-type-variable"},"_links":{"self":[{"href":"https:\/\/sanchoabarcaboots.store\/de\/wp-json\/wp\/v2\/product\/14235","targetHints":{"allow":["GET"]}}],"collection":[{"href":"https:\/\/sanchoabarcaboots.store\/de\/wp-json\/wp\/v2\/product"}],"about":[{"href":"https:\/\/sanchoabarcaboots.store\/de\/wp-json\/wp\/v2\/types\/product"}],"replies":[{"embeddable":true,"href":"https:\/\/sanchoabarcaboots.store\/de\/wp-json\/wp\/v2\/comments?post=14235"}],"wp:featuredmedia":[{"embeddable":true,"href":"https:\/\/sanchoabarcaboots.store\/de\/wp-json\/wp\/v2\/media\/14617"}],"wp:attachment":[{"href":"https:\/\/sanchoabarcaboots.store\/de\/wp-json\/wp\/v2\/media?parent=14235"}],"wp:term":[{"taxonomy":"product_brand","embeddable":true,"href":"https:\/\/sanchoabarcaboots.store\/de\/wp-json\/wp\/v2\/product_brand?post=14235"},{"taxonomy":"product_cat","embeddable":true,"href":"https:\/\/sanchoabarcaboots.store\/de\/wp-json\/wp\/v2\/product_cat?post=14235"},{"taxonomy":"product_tag","embeddable":true,"href":"https:\/\/sanchoabarcaboots.store\/de\/wp-json\/wp\/v2\/product_tag?post=14235"}],"curies":[{"name":"wp","href":"https:\/\/api.w.org\/{rel}","templated":true}]}}