{"id":14219,"date":"2024-05-28T09:50:58","date_gmt":"2024-05-28T09:50:58","guid":{"rendered":"https:\/\/sanchoabarcaboots.store\/?post_type=product&#038;p=14219"},"modified":"2025-03-13T18:31:42","modified_gmt":"2025-03-13T18:31:42","slug":"4909-307-utrecht-old-rustic-cuero","status":"publish","type":"product","link":"https:\/\/sanchoabarcaboots.store\/de\/produkt\/4909-307-utrecht-old-rustic-cuero\/","title":{"rendered":"4909-307 UTRECHT- Old Rustic Cuero"},"content":{"rendered":"<p>Der Utrecht-Stiefel ist ein Neuling in unserer Kollektion. Das einfache Aufn\u00e4hen des gepolsterten Leders verleiht ihm einen l\u00e4ndlichen und rustikalen Charakter. Die Stickereien und Flechtungen unterstreichen seinen Charakter. Es handelt sich um einen Stiefel aus braunem Old Rustic Rindsleder. Die Spitze ist raffinierter und weicher und der Spann ist mit aufgen\u00e4hten Verzierungen versehen, die den Stiefel auch dann gl\u00e4nzen lassen, wenn wir seinen Schaft mit einer Hose bedecken. Die Konstruktion der gen\u00e4hten Sohle und des inneren Kork-Goodyear-Welted-Systems garantiert Komfort und Haltbarkeit. Von Hand bestickt und geflochten am Schaft und Obermaterial. Seitliche Klammern helfen Ihnen beim Anziehen Ihrer Stiefel. Dieses Modell ist mit einer satinierten Silberschnalle mit eingraviertem SANCHO-Logo verziert. Der Riemen ist beweglich und mit einem anderen austauschbar oder kann entfernt werden, wenn wir einen klassischeren Stiefel pr\u00e4sentieren m\u00f6chten. Die Herstellung erfolgt in \u00fcber 150 Handarbeitsschritten. Hochwertige Ledermaterialien, die Ihre F\u00fc\u00dfe respektieren. Die Goodyear- oder Doppelnahtkonstruktion verleiht ihm Widerstandsf\u00e4higkeit und Komfort. Um die Lebensdauer Ihrer Stiefel zu pflegen und zu verl\u00e4ngern, empfehlen wir Ihnen, diese regelm\u00e4\u00dfig mit unserem farblosen Fett zu reinigen.<\/p>\n","protected":false},"excerpt":{"rendered":"<p>\u2022 Lederabsatz plus Gummist\u00fcck.<br \/>\n\u2022 Lederfutter.<br \/>\n\u2022 Gepolsterte Komfortsohle und seitliche Lederstreben.<br \/>\n\u2022 Auf das Leder aufgen\u00e4hte Stickereien und Flechtungen.<br \/>\n\u2022 Auswechselbarer mobiler Gurt mit altgoldener Schnalle.<\/p>\n","protected":false},"featured_media":14164,"comment_status":"open","ping_status":"closed","template":"","meta":{"_seopress_robots_primary_cat":"none","_seopress_titles_title":"Sancho Abarca Stiefel-2025 UTRECHT 4909 LEDER","_seopress_titles_desc":"Offizieller Shop. Entdecken Sie unsere Kollektion an Western, Biker, Custom und Exotenstiefeln. Hergestellt in Spanien mit dem Goodyear-System. Schneller und kostenloser Versand.","_seopress_robots_index":"","_joinchat":[]},"product_brand":[],"product_cat":[858,857,1134],"product_tag":[],"class_list":{"0":"post-14219","1":"product","2":"type-product","3":"status-publish","4":"has-post-thumbnail","6":"product_cat-texanisch","7":"product_cat-mann-texanisch","8":"product_cat-unisex-de","10":"first","11":"instock","12":"taxable","13":"shipping-taxable","14":"purchasable","15":"product-type-variable"},"_links":{"self":[{"href":"https:\/\/sanchoabarcaboots.store\/de\/wp-json\/wp\/v2\/product\/14219","targetHints":{"allow":["GET"]}}],"collection":[{"href":"https:\/\/sanchoabarcaboots.store\/de\/wp-json\/wp\/v2\/product"}],"about":[{"href":"https:\/\/sanchoabarcaboots.store\/de\/wp-json\/wp\/v2\/types\/product"}],"replies":[{"embeddable":true,"href":"https:\/\/sanchoabarcaboots.store\/de\/wp-json\/wp\/v2\/comments?post=14219"}],"wp:featuredmedia":[{"embeddable":true,"href":"https:\/\/sanchoabarcaboots.store\/de\/wp-json\/wp\/v2\/media\/14164"}],"wp:attachment":[{"href":"https:\/\/sanchoabarcaboots.store\/de\/wp-json\/wp\/v2\/media?parent=14219"}],"wp:term":[{"taxonomy":"product_brand","embeddable":true,"href":"https:\/\/sanchoabarcaboots.store\/de\/wp-json\/wp\/v2\/product_brand?post=14219"},{"taxonomy":"product_cat","embeddable":true,"href":"https:\/\/sanchoabarcaboots.store\/de\/wp-json\/wp\/v2\/product_cat?post=14219"},{"taxonomy":"product_tag","embeddable":true,"href":"https:\/\/sanchoabarcaboots.store\/de\/wp-json\/wp\/v2\/product_tag?post=14219"}],"curies":[{"name":"wp","href":"https:\/\/api.w.org\/{rel}","templated":true}]}}