{"id":14029,"date":"2024-04-13T11:22:31","date_gmt":"2024-04-13T11:22:31","guid":{"rendered":"https:\/\/sanchoabarcaboots.store\/?post_type=product&#038;p=14029"},"modified":"2025-03-13T19:18:49","modified_gmt":"2025-03-13T19:18:49","slug":"5536-71-igor-crazy-old-black","status":"publish","type":"product","link":"https:\/\/sanchoabarcaboots.store\/de\/produkt\/5536-71-igor-crazy-old-black\/","title":{"rendered":"5536-71 IGOR-CRAZY OLD BLACK"},"content":{"rendered":"<p>Stiefel im Urban-Biker-Stil aus schwarzem Rindsleder.<br \/>\nEin klassischer Stiefel im Urban-Biker-Stil, der aufgrund seiner Qualit\u00e4t und Widerstandsf\u00e4higkeit seit mehr als 20 Jahren in unserer Kollektion ist. Der Stiefel ist aus schwarzem Old-Crazy-Leder gefertigt und \u00e4u\u00dferst widerstandsf\u00e4hig gegen Flecken und Zeit. Mit quadratischer Spitze und Sporn, verziert mit einer Schnalle und Nieten aus gealtertem Silber. Die Sohle besteht aus Naturleder und wir haben eine Gummieinlage hinzugef\u00fcgt, um ein Ausrutschen auf dem Asphalt zu verhindern. Die Ferse ist mit einer Gummikappe gesch\u00fctzt, die Komfort und Sicherheit bietet.<br \/>\nDie Herstellung erfolgt handwerklich und umfasst mehr als 150 manuelle Arbeitsg\u00e4nge, weshalb es sich um einen QUALIT\u00c4TSstiefel handelt, der sowohl die Umwelt als auch Ihre F\u00fc\u00dfe respektiert. Die Goodyear Welted-Fertigung bzw. Doppelnaht der Sohle verleiht dem Stiefel eine hohe Widerstandsf\u00e4higkeit und respektiert gleichzeitig die anatomische Form der Fu\u00dfsohlen. Die Pflege ist einfach, es gen\u00fcgt die Reinigung mit einem feuchten Baumwolltuch und die anschlie\u00dfende Pflege der Haut mit Pferdefett.<\/p>\n","protected":false},"excerpt":{"rendered":"<p>&#8211; Doppelt mit der Sohle vern\u00e4ht, Goodyear Welted.<br \/>\n&#8211; Stiefel aus 100 % Leder.<br \/>\n&#8211; Handgefertigt in Spanien.<\/p>\n","protected":false},"featured_media":14045,"comment_status":"open","ping_status":"closed","template":"","meta":{"_seopress_robots_primary_cat":"none","_seopress_titles_title":"Sancho Abarca Stiefel-2025 IGOR 5536 SCHWARZ","_seopress_titles_desc":"Offizieller Shop. Entdecken Sie unsere Kollektion an Western, Biker, Custom und Exotenstiefeln. Hergestellt in Spanien mit dem Goodyear-System. Schneller und kostenloser Versand.","_seopress_robots_index":"","_joinchat":[]},"product_brand":[],"product_cat":[1134],"product_tag":[],"class_list":{"0":"post-14029","1":"product","2":"type-product","3":"status-publish","4":"has-post-thumbnail","6":"product_cat-unisex-de","8":"first","9":"instock","10":"taxable","11":"shipping-taxable","12":"purchasable","13":"product-type-variable"},"_links":{"self":[{"href":"https:\/\/sanchoabarcaboots.store\/de\/wp-json\/wp\/v2\/product\/14029","targetHints":{"allow":["GET"]}}],"collection":[{"href":"https:\/\/sanchoabarcaboots.store\/de\/wp-json\/wp\/v2\/product"}],"about":[{"href":"https:\/\/sanchoabarcaboots.store\/de\/wp-json\/wp\/v2\/types\/product"}],"replies":[{"embeddable":true,"href":"https:\/\/sanchoabarcaboots.store\/de\/wp-json\/wp\/v2\/comments?post=14029"}],"wp:featuredmedia":[{"embeddable":true,"href":"https:\/\/sanchoabarcaboots.store\/de\/wp-json\/wp\/v2\/media\/14045"}],"wp:attachment":[{"href":"https:\/\/sanchoabarcaboots.store\/de\/wp-json\/wp\/v2\/media?parent=14029"}],"wp:term":[{"taxonomy":"product_brand","embeddable":true,"href":"https:\/\/sanchoabarcaboots.store\/de\/wp-json\/wp\/v2\/product_brand?post=14029"},{"taxonomy":"product_cat","embeddable":true,"href":"https:\/\/sanchoabarcaboots.store\/de\/wp-json\/wp\/v2\/product_cat?post=14029"},{"taxonomy":"product_tag","embeddable":true,"href":"https:\/\/sanchoabarcaboots.store\/de\/wp-json\/wp\/v2\/product_tag?post=14029"}],"curies":[{"name":"wp","href":"https:\/\/api.w.org\/{rel}","templated":true}]}}