{"id":13992,"date":"2024-04-14T10:34:22","date_gmt":"2024-04-14T10:34:22","guid":{"rendered":"https:\/\/sanchoabarcaboots.store\/?post_type=product&#038;p=13992"},"modified":"2025-03-13T19:03:41","modified_gmt":"2025-03-13T19:03:41","slug":"10326-705-spring-stbu-rojo-stbu-gris","status":"publish","type":"product","link":"https:\/\/sanchoabarcaboots.store\/de\/produkt\/10326-705-spring-stbu-rojo-stbu-gris\/","title":{"rendered":"10326-705 SPRING-STBU ROJO\/STBU GRIS"},"content":{"rendered":"<p>Sehr vielseitiger Jeansstiefel, der sich leicht mit Jeans, Leggings oder Kleidern kombinieren l\u00e4sst. Sehr modisch mit den klassischen ibizenkischen Kleidern oder einem attraktiven Minirock.<\/p>\n","protected":false},"excerpt":{"rendered":"<p>\u2022 Lederabsatz plus Gummist\u00fcck.<br \/>\n\u2022 Lederfutter.<br \/>\n\u2022 Gepolsterte Komfortpflanze.<br \/>\n\u2022 Stickerei auf der Haut.<br \/>\n\u2022 Seitenklemmen.<\/p>\n","protected":false},"featured_media":14069,"comment_status":"open","ping_status":"closed","template":"","meta":{"_seopress_robots_primary_cat":"none","_seopress_titles_title":"Sancho Abarca Stiefel-2025 SPRING 10326 ROT\/GRAU","_seopress_titles_desc":"Entdecken Sie unsere online verf\u00fcgbare Kollektion an Western-, Jeans- und Bikerstiefeln. Schneller Versand und kostenlose R\u00fccksendung. Setzen Sie auf Qualit\u00e4t zu den besten Preisen.","_seopress_robots_index":"","_joinchat":[]},"product_brand":[],"product_cat":[863,858],"product_tag":[],"class_list":{"0":"post-13992","1":"product","2":"type-product","3":"status-publish","4":"has-post-thumbnail","6":"product_cat-damen-de","7":"product_cat-texanisch","9":"first","10":"instock","11":"taxable","12":"shipping-taxable","13":"purchasable","14":"product-type-variable"},"_links":{"self":[{"href":"https:\/\/sanchoabarcaboots.store\/de\/wp-json\/wp\/v2\/product\/13992","targetHints":{"allow":["GET"]}}],"collection":[{"href":"https:\/\/sanchoabarcaboots.store\/de\/wp-json\/wp\/v2\/product"}],"about":[{"href":"https:\/\/sanchoabarcaboots.store\/de\/wp-json\/wp\/v2\/types\/product"}],"replies":[{"embeddable":true,"href":"https:\/\/sanchoabarcaboots.store\/de\/wp-json\/wp\/v2\/comments?post=13992"}],"wp:featuredmedia":[{"embeddable":true,"href":"https:\/\/sanchoabarcaboots.store\/de\/wp-json\/wp\/v2\/media\/14069"}],"wp:attachment":[{"href":"https:\/\/sanchoabarcaboots.store\/de\/wp-json\/wp\/v2\/media?parent=13992"}],"wp:term":[{"taxonomy":"product_brand","embeddable":true,"href":"https:\/\/sanchoabarcaboots.store\/de\/wp-json\/wp\/v2\/product_brand?post=13992"},{"taxonomy":"product_cat","embeddable":true,"href":"https:\/\/sanchoabarcaboots.store\/de\/wp-json\/wp\/v2\/product_cat?post=13992"},{"taxonomy":"product_tag","embeddable":true,"href":"https:\/\/sanchoabarcaboots.store\/de\/wp-json\/wp\/v2\/product_tag?post=13992"}],"curies":[{"name":"wp","href":"https:\/\/api.w.org\/{rel}","templated":true}]}}