{"id":13889,"date":"2024-02-20T09:35:07","date_gmt":"2024-02-20T09:35:07","guid":{"rendered":"https:\/\/sanchoabarcaboots.store\/?post_type=product&#038;p=13889"},"modified":"2025-03-17T07:44:52","modified_gmt":"2025-03-17T07:44:52","slug":"6390-381-roper-crazy-old-sadale","status":"publish","type":"product","link":"https:\/\/sanchoabarcaboots.store\/de\/produkt\/6390-381-roper-crazy-old-sadale\/","title":{"rendered":"6390-381 ROPER- CRAZY OLD SADALE"},"content":{"rendered":"<p>Spezieller Cowboystiefel zum Reiten und Arbeiten im Stall. Dies ist ein Klassiker von Sancho Abarca, ein Stiefel mit elegantem und stilisiertem Design, der eine Balance zwischen urbanem und Cowboy-Stil schafft. Seine charakteristische abgerundete Spitze und die flache Fersenform sorgen f\u00fcr eine perfekte und sehr bequeme Passform. Diese Stiefel bieten maximalen Komfort und Stabilit\u00e4t, ohne auf Stil zu verzichten.<\/p>\n<p>Roper-Stiefel eignen sich am besten f\u00fcr die Arbeit und vereinen Funktionalit\u00e4t und Stil. Seine rutschfeste Gummisohle garantiert Sicherheit in jedem Gel\u00e4nde und Klima. Der Goodyear-Welt-Herstellungsprozess mit doppelter Handnaht gew\u00e4hrleistet die maximale Qualit\u00e4t und Haltbarkeit dieser Stiefel.<\/p>\n","protected":false},"excerpt":{"rendered":"<p>\u2022 Lederabsatz plus Gummist\u00fcck.<br \/>\n\u2022 Lederfutter.<br \/>\n\u2022 Gepolsterte Komfortpflanze.<br \/>\n\u2022 Stickerei auf der Haut.<br \/>\n\u2022 Seitenklemmen.<\/p>\n","protected":false},"featured_media":13905,"comment_status":"open","ping_status":"closed","template":"","meta":{"_seopress_robots_primary_cat":"none","_seopress_titles_title":"Sancho Abarca Stiefel-2025 ROPER 6390 SADALE","_seopress_titles_desc":"Offizieller Shop. Entdecken Sie unsere Kollektion an Western, Biker, Custom und Exotenstiefeln. Hergestellt in Spanien mit dem Goodyear-System. Schneller und kostenloser Versand.","_seopress_robots_index":"","_joinchat":[]},"product_brand":[],"product_cat":[1133,857,1134],"product_tag":[],"class_list":{"0":"post-13889","1":"product","2":"type-product","3":"status-publish","4":"has-post-thumbnail","6":"product_cat-ecuestre-de","7":"product_cat-mann-texanisch","8":"product_cat-unisex-de","10":"first","11":"outofstock","12":"taxable","13":"shipping-taxable","14":"purchasable","15":"product-type-variable"},"_links":{"self":[{"href":"https:\/\/sanchoabarcaboots.store\/de\/wp-json\/wp\/v2\/product\/13889","targetHints":{"allow":["GET"]}}],"collection":[{"href":"https:\/\/sanchoabarcaboots.store\/de\/wp-json\/wp\/v2\/product"}],"about":[{"href":"https:\/\/sanchoabarcaboots.store\/de\/wp-json\/wp\/v2\/types\/product"}],"replies":[{"embeddable":true,"href":"https:\/\/sanchoabarcaboots.store\/de\/wp-json\/wp\/v2\/comments?post=13889"}],"wp:featuredmedia":[{"embeddable":true,"href":"https:\/\/sanchoabarcaboots.store\/de\/wp-json\/wp\/v2\/media\/13905"}],"wp:attachment":[{"href":"https:\/\/sanchoabarcaboots.store\/de\/wp-json\/wp\/v2\/media?parent=13889"}],"wp:term":[{"taxonomy":"product_brand","embeddable":true,"href":"https:\/\/sanchoabarcaboots.store\/de\/wp-json\/wp\/v2\/product_brand?post=13889"},{"taxonomy":"product_cat","embeddable":true,"href":"https:\/\/sanchoabarcaboots.store\/de\/wp-json\/wp\/v2\/product_cat?post=13889"},{"taxonomy":"product_tag","embeddable":true,"href":"https:\/\/sanchoabarcaboots.store\/de\/wp-json\/wp\/v2\/product_tag?post=13889"}],"curies":[{"name":"wp","href":"https:\/\/api.w.org\/{rel}","templated":true}]}}