{"id":13751,"date":"2024-05-22T08:59:39","date_gmt":"2024-05-22T08:59:39","guid":{"rendered":"https:\/\/sanchoabarcaboots.store\/?post_type=product&#038;p=13751"},"modified":"2025-03-13T18:38:28","modified_gmt":"2025-03-13T18:38:28","slug":"5049-362-nomade-crazy-old-sadale","status":"publish","type":"product","link":"https:\/\/sanchoabarcaboots.store\/de\/produkt\/5049-362-nomade-crazy-old-sadale\/","title":{"rendered":"5049-362 NOMADE &#8211; Crazy Old Sadale"},"content":{"rendered":"<p>BRAUNE BIKERSTIEFELETTEN. DER BIKERSTIEFELETTEN MIT WECHSELRIEMEN.<br \/>\nDas Sancho Nomade-Modell ist eines der beliebtesten in unserer Kollektion. Es handelt sich um einen klassischen Stiefeletten mit einer dezenten und eleganten Stickerei auf dem Spann. Es besteht aus braun ge\u00f6ltem Kalbsleder. Dieses Modell verf\u00fcgt \u00fcber zwei mit Leder \u00fcberzogene seitliche Gummiz\u00fcge und eine hintere Zuglasche, die das Anziehen erleichtert. Verziert mit einer satinierten Silberschnalle mit eingraviertem SANCHO-Logo. Der Riemen ist beweglich und mit einem anderen austauschbar. Sie k\u00f6nnen ihn auch entfernen, um einen klassischeren, glatten Stiefel zu erhalten.<br \/>\nDie Herstellung erfolgt in \u00fcber 150 Handarbeitsschritten. Hochwertige Ledermaterialien, die Ihre F\u00fc\u00dfe respektieren. Die Goodyear- oder Doppelnahtkonstruktion sorgt f\u00fcr Widerstandsf\u00e4higkeit und Komfort. Die Pflege ist einfach, da es lediglich mit einem feuchten Baumwolltuch gereinigt und mit Pferdefett gepflegt werden muss.<\/p>\n","protected":false},"excerpt":{"rendered":"<p>\u2022 Abnehmbares Lederarmband und Metalldekoration in altgoldener Farbe.<br \/>\n\u2022 Goodyear Welted &amp; Doble cosido en suela.<br \/>\n\u2022 Elastischer Stiefelschaft zur Erleichterung der Passform.<br \/>\n\u2022 Lederabsatz plus Gummist\u00fcck.<br \/>\n\u2022 Lederriemen, um den Sitz des Stiefels zu erleichtern.<br \/>\n\u2022 Korkpflanze und komfortgepolsterte Einlegesohle.<\/p>\n","protected":false},"featured_media":14134,"comment_status":"open","ping_status":"closed","template":"","meta":{"_seopress_robots_primary_cat":"none","_seopress_titles_title":"Sancho Abarca Stiefel-2025 NOMADE 5049 SADALE","_seopress_titles_desc":"Offizieller Shop. Entdecken Sie unsere Kollektion an Western, Biker, Custom und Exotenstiefeln. Hergestellt in Spanien mit dem Goodyear-System. Schneller und kostenloser Versand.","_seopress_robots_index":"","_joinchat":[]},"product_brand":[],"product_cat":[856,1134],"product_tag":[],"class_list":{"0":"post-13751","1":"product","2":"type-product","3":"status-publish","4":"has-post-thumbnail","6":"product_cat-biker-de-mann","7":"product_cat-unisex-de","9":"first","10":"instock","11":"taxable","12":"shipping-taxable","13":"purchasable","14":"product-type-variable"},"_links":{"self":[{"href":"https:\/\/sanchoabarcaboots.store\/de\/wp-json\/wp\/v2\/product\/13751","targetHints":{"allow":["GET"]}}],"collection":[{"href":"https:\/\/sanchoabarcaboots.store\/de\/wp-json\/wp\/v2\/product"}],"about":[{"href":"https:\/\/sanchoabarcaboots.store\/de\/wp-json\/wp\/v2\/types\/product"}],"replies":[{"embeddable":true,"href":"https:\/\/sanchoabarcaboots.store\/de\/wp-json\/wp\/v2\/comments?post=13751"}],"wp:featuredmedia":[{"embeddable":true,"href":"https:\/\/sanchoabarcaboots.store\/de\/wp-json\/wp\/v2\/media\/14134"}],"wp:attachment":[{"href":"https:\/\/sanchoabarcaboots.store\/de\/wp-json\/wp\/v2\/media?parent=13751"}],"wp:term":[{"taxonomy":"product_brand","embeddable":true,"href":"https:\/\/sanchoabarcaboots.store\/de\/wp-json\/wp\/v2\/product_brand?post=13751"},{"taxonomy":"product_cat","embeddable":true,"href":"https:\/\/sanchoabarcaboots.store\/de\/wp-json\/wp\/v2\/product_cat?post=13751"},{"taxonomy":"product_tag","embeddable":true,"href":"https:\/\/sanchoabarcaboots.store\/de\/wp-json\/wp\/v2\/product_tag?post=13751"}],"curies":[{"name":"wp","href":"https:\/\/api.w.org\/{rel}","templated":true}]}}