{"id":13388,"date":"2022-08-22T08:32:54","date_gmt":"2022-08-22T08:32:54","guid":{"rendered":"https:\/\/sanchoabarcaboots.store\/product\/5122-307-delirius-pull-grass-black\/"},"modified":"2025-03-17T17:29:29","modified_gmt":"2025-03-17T17:29:29","slug":"sancho-abarca-5122-307-delirius-pull-grass-black","status":"publish","type":"product","link":"https:\/\/sanchoabarcaboots.store\/de\/produkt\/sancho-abarca-5122-307-delirius-pull-grass-black\/","title":{"rendered":"5122-307 DELIRIUS &#8211; Pull Grass Black"},"content":{"rendered":"<p>Ein Klassiker aus der Biker Boots Stiefel Familie. Handg en\u00e4ht aus braunem Rinderleder und leicht schr\u00e4gem Absatz. Mit schwarzem Zwirn und Lederband sind Ziern\u00e4hte am Schaft und auf dem Rist angebracht. Der Schuh wird auf der schm\u00e4leren und &#8222;abgehackten&#8220; &#8222;Big Biker-Sohle&#8220; aufgebaut. Die klassische Beschnallung um den Spann darf nat\u00fcrlich nicht fehlen. Der Stiefel f\u00e4llt in Normalgr\u00f6sse aus und vermittelt ein sehr angenehmes Tragegef\u00fchl.<\/p>\n","protected":false},"excerpt":{"rendered":"<p>\u2022 Lederriemen und alter silberfarbener Metallring.<br \/>\n\u2022 Doble cosido en la suela Goodyear Welted.<br \/>\n\u2022 Ca\u00f1a acolchada. Gestickte und geflochtene Handarbeit auf der Haut.<br \/>\n\u2022 Lederriemen zum Anziehen des Stiefels.<br \/>\n\u2022 Lederabsatz plus Gummist\u00fcck.<br \/>\n\u2022 Planta confort compuesta de corcho natural m\u00e1s una plantilla acolchada.<br \/>\n\u2022 Auf die Sohle geklebtes rutschfestes Gummist\u00fcck, leicht austauschbar.<\/p>\n","protected":false},"featured_media":6262,"comment_status":"open","ping_status":"closed","template":"","meta":{"_seopress_robots_primary_cat":"none","_seopress_titles_title":"Sancho Abarca Stiefel-2025 DELIRIUS 5122 SCHWARZ","_seopress_titles_desc":"Offizieller Shop. Entdecken Sie unsere Kollektion an Western, Biker, Custom und Exotenstiefeln. Hergestellt in Spanien mit dem Goodyear-System. Schneller und kostenloser Versand.","_seopress_robots_index":"","_joinchat":[]},"product_brand":[],"product_cat":[863,851,858,857],"product_tag":[],"class_list":{"0":"post-13388","1":"product","2":"type-product","3":"status-publish","4":"has-post-thumbnail","6":"product_cat-damen-de","7":"product_cat-herren","8":"product_cat-texanisch","9":"product_cat-mann-texanisch","11":"first","12":"outofstock","13":"taxable","14":"shipping-taxable","15":"purchasable","16":"product-type-variable"},"_links":{"self":[{"href":"https:\/\/sanchoabarcaboots.store\/de\/wp-json\/wp\/v2\/product\/13388","targetHints":{"allow":["GET"]}}],"collection":[{"href":"https:\/\/sanchoabarcaboots.store\/de\/wp-json\/wp\/v2\/product"}],"about":[{"href":"https:\/\/sanchoabarcaboots.store\/de\/wp-json\/wp\/v2\/types\/product"}],"replies":[{"embeddable":true,"href":"https:\/\/sanchoabarcaboots.store\/de\/wp-json\/wp\/v2\/comments?post=13388"}],"wp:featuredmedia":[{"embeddable":true,"href":"https:\/\/sanchoabarcaboots.store\/de\/wp-json\/wp\/v2\/media\/6262"}],"wp:attachment":[{"href":"https:\/\/sanchoabarcaboots.store\/de\/wp-json\/wp\/v2\/media?parent=13388"}],"wp:term":[{"taxonomy":"product_brand","embeddable":true,"href":"https:\/\/sanchoabarcaboots.store\/de\/wp-json\/wp\/v2\/product_brand?post=13388"},{"taxonomy":"product_cat","embeddable":true,"href":"https:\/\/sanchoabarcaboots.store\/de\/wp-json\/wp\/v2\/product_cat?post=13388"},{"taxonomy":"product_tag","embeddable":true,"href":"https:\/\/sanchoabarcaboots.store\/de\/wp-json\/wp\/v2\/product_tag?post=13388"}],"curies":[{"name":"wp","href":"https:\/\/api.w.org\/{rel}","templated":true}]}}