{"id":13375,"date":"2022-08-22T08:32:54","date_gmt":"2022-08-22T08:32:54","guid":{"rendered":"https:\/\/sanchoabarcaboots.store\/product\/5122-307-delirius-crazy-old-sadale\/"},"modified":"2025-03-17T17:29:03","modified_gmt":"2025-03-17T17:29:03","slug":"sancho-abarca-5122-307-delirius-crazy-old-sadale","status":"publish","type":"product","link":"https:\/\/sanchoabarcaboots.store\/de\/produkt\/sancho-abarca-5122-307-delirius-crazy-old-sadale\/","title":{"rendered":"5122-307 DELIRIUS &#8211; Crazy Old Sadale"},"content":{"rendered":"<p>Biker Stiefel Delirius 5122 &#8211; eine Legende von Sancho Ein Klassiker aus der Biker Boots Stiefel Familie. Handgen\u00e4ht aus braunem Rinderleder und leicht schr\u00e4gem Absatz. Mit schwarzem Zwirn und Lederband sind Ziern\u00e4hte am Schaft und auf dem Rist angebracht. Der Schuh wird auf der schm\u00e4leren und &#8222;abgehackten&#8220; &#8222;Big Biker-Sohle&#8220; aufgebaut. Die klassische Beschnallung um den Spann darf nat\u00fcrlich nicht fehlen. Der Stiefel f\u00e4llt in Normalgr\u00f6sse aus und vermittelt ein sehr angenehmes Tragegef\u00fchl.<\/p>\n","protected":false},"excerpt":{"rendered":"<p>&#8211; Lederriemen und altgoldfarbener Metallring.<br \/>\n&#8211; Handgemacht auf der Haut gestickt und geflochten.<br \/>\n&#8211; Anziehschlaufen mit Sancho Logo.<br \/>\n&#8211; Geflochtene Lederz\u00f6pfe.<br \/>\n&#8211; Komfortsohle aus Naturkork plus gepolsterte Innensohle.<br \/>\n&#8211; Auf die Sohle geklebtes rutschfestes Gummist\u00fcck, leicht austauschbar.<br \/>\n&#8211; Lederabsatz plus rutschfestes Gummist\u00fcck.<\/p>\n","protected":false},"featured_media":6244,"comment_status":"open","ping_status":"closed","template":"","meta":{"_seopress_robots_primary_cat":"none","_seopress_titles_title":"Sancho Abarca Stiefel-2025 DELIRIUS 5122 SADALE","_seopress_titles_desc":"Offizieller Shop. Entdecken Sie unsere Kollektion an Western, Biker, Custom und Exotenstiefeln. Hergestellt in Spanien mit dem Goodyear-System. Schneller und kostenloser Versand.","_seopress_robots_index":"","_joinchat":[]},"product_brand":[],"product_cat":[863,851,858,857],"product_tag":[],"class_list":{"0":"post-13375","1":"product","2":"type-product","3":"status-publish","4":"has-post-thumbnail","6":"product_cat-damen-de","7":"product_cat-herren","8":"product_cat-texanisch","9":"product_cat-mann-texanisch","11":"first","12":"instock","13":"featured","14":"taxable","15":"shipping-taxable","16":"purchasable","17":"product-type-variable"},"_links":{"self":[{"href":"https:\/\/sanchoabarcaboots.store\/de\/wp-json\/wp\/v2\/product\/13375","targetHints":{"allow":["GET"]}}],"collection":[{"href":"https:\/\/sanchoabarcaboots.store\/de\/wp-json\/wp\/v2\/product"}],"about":[{"href":"https:\/\/sanchoabarcaboots.store\/de\/wp-json\/wp\/v2\/types\/product"}],"replies":[{"embeddable":true,"href":"https:\/\/sanchoabarcaboots.store\/de\/wp-json\/wp\/v2\/comments?post=13375"}],"wp:featuredmedia":[{"embeddable":true,"href":"https:\/\/sanchoabarcaboots.store\/de\/wp-json\/wp\/v2\/media\/6244"}],"wp:attachment":[{"href":"https:\/\/sanchoabarcaboots.store\/de\/wp-json\/wp\/v2\/media?parent=13375"}],"wp:term":[{"taxonomy":"product_brand","embeddable":true,"href":"https:\/\/sanchoabarcaboots.store\/de\/wp-json\/wp\/v2\/product_brand?post=13375"},{"taxonomy":"product_cat","embeddable":true,"href":"https:\/\/sanchoabarcaboots.store\/de\/wp-json\/wp\/v2\/product_cat?post=13375"},{"taxonomy":"product_tag","embeddable":true,"href":"https:\/\/sanchoabarcaboots.store\/de\/wp-json\/wp\/v2\/product_tag?post=13375"}],"curies":[{"name":"wp","href":"https:\/\/api.w.org\/{rel}","templated":true}]}}