{"id":13339,"date":"2022-08-22T08:32:54","date_gmt":"2022-08-22T08:32:54","guid":{"rendered":"https:\/\/sanchoabarcaboots.store\/product\/5049-71-shorty-pull-grass-negro\/"},"modified":"2025-03-17T17:21:16","modified_gmt":"2025-03-17T17:21:16","slug":"sancho-abarca-5049-71-shorty-pull-grass-negro","status":"publish","type":"product","link":"https:\/\/sanchoabarcaboots.store\/de\/produkt\/sancho-abarca-5049-71-shorty-pull-grass-negro\/","title":{"rendered":"5049-71 SHORTY &#8211; Pull Grass Negro"},"content":{"rendered":"<p>Bequeme Stiefelette mit seitlichem Gummizug und Zugschlaufe. Die Kn\u00f6chelriemen sind mit Nieten besetzt. Mit gen\u00e4hter und geklebter korkgef\u00fcllter Ledersohle, so macht ein Stiefel ein absolut angenehmes Tragegef\u00fchl und lange Freude. F\u00fcr sie und ihn. Der Schuh wird auf der breiten und abgehackten &#8222;Big Biker-Sohle&#8220; aufgebaut. Mit klassischer Beschnallung um den Spann. Die Sohle ist aus Voll-Leder gearbeitet, unter dem Absatz hat allerdings zus\u00e4tzlich eine Schicht Gummi-Sohle Verwendung gefunden.<\/p>\n","protected":false},"excerpt":{"rendered":"<p>&#8211; Mit festem Lederriemen und altem Silbermetallring.<br \/>\n&#8211; Elastischer Stiefelschaft zur Erleichterung der Passform.<br \/>\n&#8211; Lederabsatz plus Gummist\u00fcck.<br \/>\n&#8211; Lederriemen, um den Sitz des Stiefels zu erleichtern.<\/p>\n","protected":false},"featured_media":5986,"comment_status":"open","ping_status":"closed","template":"","meta":{"_seopress_robots_primary_cat":"none","_seopress_titles_title":"Sancho Abarca Stiefel-2025 SHORTY 5049 SCHWARZ","_seopress_titles_desc":"Offizieller Shop. Entdecken Sie unsere Kollektion an Western, Biker, Custom und Exotenstiefeln. Hergestellt in Spanien mit dem Goodyear-System. Schneller und kostenloser Versand.","_seopress_robots_index":"","_joinchat":[]},"product_brand":[],"product_cat":[865,862,856,855,863,851],"product_tag":[],"class_list":{"0":"post-13339","1":"product","2":"type-product","3":"status-publish","4":"has-post-thumbnail","6":"product_cat-beute-de","7":"product_cat-beute","8":"product_cat-biker-de-mann","9":"product_cat-biker-de","10":"product_cat-damen-de","11":"product_cat-herren","13":"first","14":"instock","15":"taxable","16":"shipping-taxable","17":"purchasable","18":"product-type-variable"},"_links":{"self":[{"href":"https:\/\/sanchoabarcaboots.store\/de\/wp-json\/wp\/v2\/product\/13339","targetHints":{"allow":["GET"]}}],"collection":[{"href":"https:\/\/sanchoabarcaboots.store\/de\/wp-json\/wp\/v2\/product"}],"about":[{"href":"https:\/\/sanchoabarcaboots.store\/de\/wp-json\/wp\/v2\/types\/product"}],"replies":[{"embeddable":true,"href":"https:\/\/sanchoabarcaboots.store\/de\/wp-json\/wp\/v2\/comments?post=13339"}],"wp:featuredmedia":[{"embeddable":true,"href":"https:\/\/sanchoabarcaboots.store\/de\/wp-json\/wp\/v2\/media\/5986"}],"wp:attachment":[{"href":"https:\/\/sanchoabarcaboots.store\/de\/wp-json\/wp\/v2\/media?parent=13339"}],"wp:term":[{"taxonomy":"product_brand","embeddable":true,"href":"https:\/\/sanchoabarcaboots.store\/de\/wp-json\/wp\/v2\/product_brand?post=13339"},{"taxonomy":"product_cat","embeddable":true,"href":"https:\/\/sanchoabarcaboots.store\/de\/wp-json\/wp\/v2\/product_cat?post=13339"},{"taxonomy":"product_tag","embeddable":true,"href":"https:\/\/sanchoabarcaboots.store\/de\/wp-json\/wp\/v2\/product_tag?post=13339"}],"curies":[{"name":"wp","href":"https:\/\/api.w.org\/{rel}","templated":true}]}}