{"id":13284,"date":"2022-08-22T08:32:55","date_gmt":"2022-08-22T08:32:55","guid":{"rendered":"https:\/\/sanchoabarcaboots.store\/product\/7806-540-nevada-stbu-taupe-vainilla\/"},"modified":"2025-03-17T13:02:12","modified_gmt":"2025-03-17T13:02:12","slug":"sancho-abarca-7806-540-nevada-stbu-taupe-vainilla","status":"publish","type":"product","link":"https:\/\/sanchoabarcaboots.store\/de\/produkt\/sancho-abarca-7806-540-nevada-stbu-taupe-vainilla\/","title":{"rendered":"7806-540 NEVADA \u2013 Stbu Taupe\/Vainilla"},"content":{"rendered":"<p>Cowgirl Boots &#8211; Dein Western Dance Outfit Cowgirls kombinieren sommerliche Westernstiefel l\u00e4ngst nicht mehr nur zu Jeans und Karohemden, sondern gerne auch zum bravem College-Style, sexy Minirock, Shorts oder zum romantischem Flatterkleid \u00fcber. Selbst auf den Catwalk-Schauen sorgen Westernstiefel f\u00fcr Frauen in exotischer Optik f\u00fcr entz\u00fcckte Aufschreie. Cowboystiefel f\u00fcr Damen sind echte Sammlerobjekte und Kunstwerke.<\/p>\n","protected":false},"excerpt":{"rendered":"<p>&#8211; Gepolsterte Komfortpflanze.<br \/>\n&#8211; Lederabsatz mit rutschfestem Gummist\u00fcck.<br \/>\n&#8211; Anziehschlaufen mit Brand Logo.<br \/>\n&#8211; Ledersohle und leicht austauschbares rutschfestes Gummist\u00fcck.<br \/>\n&#8211; Dekorative Lederteile auf der Zehenkappe und auf der R\u00fcckseite.<br \/>\n&#8211; Transparentes Leder in Form eines Adlers.<\/p>\n","protected":false},"featured_media":6388,"comment_status":"open","ping_status":"closed","template":"","meta":{"_seopress_robots_primary_cat":"none","_seopress_titles_title":"Sancho Abarca Stiefel-2025 NEVADA 7806 VANILLA","_seopress_titles_desc":"Offizieller Shop. Entdecken Sie unsere Kollektion an Western, Biker, Custom und Exotenstiefeln. Hergestellt in Spanien mit dem Goodyear-System. Schneller und kostenloser Versand.","_seopress_robots_index":"","_joinchat":[]},"product_brand":[],"product_cat":[863,858,859],"product_tag":[],"class_list":{"0":"post-13284","1":"product","2":"type-product","3":"status-publish","4":"has-post-thumbnail","6":"product_cat-damen-de","7":"product_cat-texanisch","8":"product_cat-urbane-mode","10":"first","11":"instock","12":"taxable","13":"shipping-taxable","14":"purchasable","15":"product-type-variable"},"_links":{"self":[{"href":"https:\/\/sanchoabarcaboots.store\/de\/wp-json\/wp\/v2\/product\/13284","targetHints":{"allow":["GET"]}}],"collection":[{"href":"https:\/\/sanchoabarcaboots.store\/de\/wp-json\/wp\/v2\/product"}],"about":[{"href":"https:\/\/sanchoabarcaboots.store\/de\/wp-json\/wp\/v2\/types\/product"}],"replies":[{"embeddable":true,"href":"https:\/\/sanchoabarcaboots.store\/de\/wp-json\/wp\/v2\/comments?post=13284"}],"wp:featuredmedia":[{"embeddable":true,"href":"https:\/\/sanchoabarcaboots.store\/de\/wp-json\/wp\/v2\/media\/6388"}],"wp:attachment":[{"href":"https:\/\/sanchoabarcaboots.store\/de\/wp-json\/wp\/v2\/media?parent=13284"}],"wp:term":[{"taxonomy":"product_brand","embeddable":true,"href":"https:\/\/sanchoabarcaboots.store\/de\/wp-json\/wp\/v2\/product_brand?post=13284"},{"taxonomy":"product_cat","embeddable":true,"href":"https:\/\/sanchoabarcaboots.store\/de\/wp-json\/wp\/v2\/product_cat?post=13284"},{"taxonomy":"product_tag","embeddable":true,"href":"https:\/\/sanchoabarcaboots.store\/de\/wp-json\/wp\/v2\/product_tag?post=13284"}],"curies":[{"name":"wp","href":"https:\/\/api.w.org\/{rel}","templated":true}]}}