{"id":13237,"date":"2022-08-22T08:32:56","date_gmt":"2022-08-22T08:32:56","guid":{"rendered":"https:\/\/sanchoabarcaboots.store\/product\/5559-383-denver-crazy-old-sadale\/"},"modified":"2025-03-17T12:46:21","modified_gmt":"2025-03-17T12:46:21","slug":"sancho-abarca-5559-383-denver-crazy-old-sadale","status":"publish","type":"product","link":"https:\/\/sanchoabarcaboots.store\/de\/produkt\/sancho-abarca-5559-383-denver-crazy-old-sadale\/","title":{"rendered":"5559-383 DENVER -Crazy Old Sadale"},"content":{"rendered":"<p>Klassischer Cowboy Lederstiefel &#8211; Damen &amp; Herren Mit diesen handgen\u00e4hten Boots k\u00f6nnen Sie den ganzen S\u00fcden durchqueren. Eignen sich perfekt als klassischer Cowboy Stiefel. Die Boots kann man wunderbar mit Jeans, Tunika, weiten R\u00f6cken, kurzen Kleidern oder Karo- und Westernhemden kombinieren. Sie passen eigentlich zu allem, was irgendwie l\u00e4ssig aussieht. Ich trage Western Stiefel am liebsten mit weiten Hippie-R\u00f6cken, engen Tops und Jeans J\u00e4ckchen oder Gilets. Der Stiefel f\u00e4llt in Normalgr\u00f6sse aus. F\u00fcr sie und ihn. Ready to go? Stiefelgr\u00f6\u00dfe: Der Sancho Stiefel 5559 DENVER f\u00e4llt normal aus.<\/p>\n","protected":false},"excerpt":{"rendered":"<p>&#8211; Gepolsterter Stiefel mit Lederfutter.<br \/>\n&#8211; Lederabsatz mit rutschfestem Gummist\u00fcck.<br \/>\n&#8211; Ledersohle.<br \/>\n&#8211; Gut geeignet f\u00fcr schmalere F\u00fcsse.<br \/>\n&#8211; Gepolsterte Komfortpflanze.<br \/>\n&#8211; Stickereien auf der Haut.<\/p>\n","protected":false},"featured_media":6070,"comment_status":"open","ping_status":"closed","template":"","meta":{"_seopress_robots_primary_cat":"none","_seopress_titles_title":"Sancho Abarca Stiefel-2025 DENVER 5559 SADALE","_seopress_titles_desc":"Offizieller Shop. Entdecken Sie unsere Kollektion an Western, Biker, Custom und Exotenstiefeln. Hergestellt in Spanien mit dem Goodyear-System. Schneller und kostenloser Versand.","_seopress_robots_index":"","_joinchat":[]},"product_brand":[],"product_cat":[863,851,858,857],"product_tag":[],"class_list":{"0":"post-13237","1":"product","2":"type-product","3":"status-publish","4":"has-post-thumbnail","6":"product_cat-damen-de","7":"product_cat-herren","8":"product_cat-texanisch","9":"product_cat-mann-texanisch","11":"first","12":"outofstock","13":"taxable","14":"shipping-taxable","15":"purchasable","16":"product-type-variable"},"_links":{"self":[{"href":"https:\/\/sanchoabarcaboots.store\/de\/wp-json\/wp\/v2\/product\/13237","targetHints":{"allow":["GET"]}}],"collection":[{"href":"https:\/\/sanchoabarcaboots.store\/de\/wp-json\/wp\/v2\/product"}],"about":[{"href":"https:\/\/sanchoabarcaboots.store\/de\/wp-json\/wp\/v2\/types\/product"}],"replies":[{"embeddable":true,"href":"https:\/\/sanchoabarcaboots.store\/de\/wp-json\/wp\/v2\/comments?post=13237"}],"wp:featuredmedia":[{"embeddable":true,"href":"https:\/\/sanchoabarcaboots.store\/de\/wp-json\/wp\/v2\/media\/6070"}],"wp:attachment":[{"href":"https:\/\/sanchoabarcaboots.store\/de\/wp-json\/wp\/v2\/media?parent=13237"}],"wp:term":[{"taxonomy":"product_brand","embeddable":true,"href":"https:\/\/sanchoabarcaboots.store\/de\/wp-json\/wp\/v2\/product_brand?post=13237"},{"taxonomy":"product_cat","embeddable":true,"href":"https:\/\/sanchoabarcaboots.store\/de\/wp-json\/wp\/v2\/product_cat?post=13237"},{"taxonomy":"product_tag","embeddable":true,"href":"https:\/\/sanchoabarcaboots.store\/de\/wp-json\/wp\/v2\/product_tag?post=13237"}],"curies":[{"name":"wp","href":"https:\/\/api.w.org\/{rel}","templated":true}]}}