{"id":13224,"date":"2022-08-22T08:32:56","date_gmt":"2022-08-22T08:32:56","guid":{"rendered":"https:\/\/sanchoabarcaboots.store\/product\/5659-370-engineer-ii-palmas-testa-de-moro\/"},"modified":"2025-09-29T15:56:16","modified_gmt":"2025-09-29T15:56:16","slug":"sancho-abarca-5659-370-engineer-ii-palmas-testa-de-moro","status":"publish","type":"product","link":"https:\/\/sanchoabarcaboots.store\/de\/produkt\/sancho-abarca-5659-370-engineer-ii-palmas-testa-de-moro\/","title":{"rendered":"5659-370 ENGINEER II -Palmas Testa de Moro"},"content":{"rendered":"<p>Durch die Verwendung von Crashed Leder wird ein Zusammenspiel von harmonischen Braunt\u00f6nen geschaffen, was jedem Stiefeltr\u00e4ger das Herz h\u00f6her schlagen l\u00e4sst. Der Vintage-Effekt verst\u00e4rkt sich durch den Gebrauch des Stiefels noch. Viel Handarbeit steckt in der Herstellung unserer Engineer Boots, dewegen k\u00f6nnen farbliche Unterschiede vorkommen. Jedes Paar Fashion Stiefel sind ein Unikat! Mit diesem attraktiven, modischen Stiefel sind Sie im Job und in der Freizeit top gestylt! Die Wadenweite ist durch Schnallenbesatz individuell einstellbar. F\u00fcr sie und ihn. Sehr beliebt bei Bikern. Mit griffiger, rutschfester Gummi-Profilsohle.<\/p>\n","protected":false},"excerpt":{"rendered":"<p>&#8211; Gummisohle f\u00fcr die Berge.<br \/>\n&#8211; Gepolsterte Komfortpflanze.<br \/>\n&#8211; Riemen mit Schnalle zum Einstellen.<br \/>\n&#8211; Gummiabsatz.<br \/>\n&#8211; Rindsleder mit Vintage-Effekt.<\/p>\n","protected":false},"featured_media":6280,"comment_status":"open","ping_status":"closed","template":"","meta":{"_seopress_robots_primary_cat":"none","_seopress_titles_title":"Sancho Abarca Stiefel-2025 ENGINEER II 5659 TESTA DE MORO","_seopress_titles_desc":"Offizieller Shop. Entdecken Sie unsere Kollektion an Western, Biker, Custom und Exotenstiefeln. Hergestellt in Spanien mit dem Goodyear-System. Schneller und kostenloser Versand.","_seopress_robots_index":"","_joinchat":[]},"product_brand":[],"product_cat":[856,855,863,851,860,859],"product_tag":[],"class_list":{"0":"post-13224","1":"product","2":"type-product","3":"status-publish","4":"has-post-thumbnail","6":"product_cat-biker-de-mann","7":"product_cat-biker-de","8":"product_cat-damen-de","9":"product_cat-herren","10":"product_cat-mann-urbane-mode-de","11":"product_cat-urbane-mode","13":"first","14":"instock","15":"taxable","16":"shipping-taxable","17":"purchasable","18":"product-type-variable"},"_links":{"self":[{"href":"https:\/\/sanchoabarcaboots.store\/de\/wp-json\/wp\/v2\/product\/13224","targetHints":{"allow":["GET"]}}],"collection":[{"href":"https:\/\/sanchoabarcaboots.store\/de\/wp-json\/wp\/v2\/product"}],"about":[{"href":"https:\/\/sanchoabarcaboots.store\/de\/wp-json\/wp\/v2\/types\/product"}],"replies":[{"embeddable":true,"href":"https:\/\/sanchoabarcaboots.store\/de\/wp-json\/wp\/v2\/comments?post=13224"}],"wp:featuredmedia":[{"embeddable":true,"href":"https:\/\/sanchoabarcaboots.store\/de\/wp-json\/wp\/v2\/media\/6280"}],"wp:attachment":[{"href":"https:\/\/sanchoabarcaboots.store\/de\/wp-json\/wp\/v2\/media?parent=13224"}],"wp:term":[{"taxonomy":"product_brand","embeddable":true,"href":"https:\/\/sanchoabarcaboots.store\/de\/wp-json\/wp\/v2\/product_brand?post=13224"},{"taxonomy":"product_cat","embeddable":true,"href":"https:\/\/sanchoabarcaboots.store\/de\/wp-json\/wp\/v2\/product_cat?post=13224"},{"taxonomy":"product_tag","embeddable":true,"href":"https:\/\/sanchoabarcaboots.store\/de\/wp-json\/wp\/v2\/product_tag?post=13224"}],"curies":[{"name":"wp","href":"https:\/\/api.w.org\/{rel}","templated":true}]}}