{"id":13161,"date":"2022-08-22T08:32:56","date_gmt":"2022-08-22T08:32:56","guid":{"rendered":"https:\/\/sanchoabarcaboots.store\/product\/5119-383-rio-grande-crazy-old-black\/"},"modified":"2025-03-17T11:45:45","modified_gmt":"2025-03-17T11:45:45","slug":"sancho-abarca-5119-383-rio-grande-crazy-old-black","status":"publish","type":"product","link":"https:\/\/sanchoabarcaboots.store\/de\/produkt\/sancho-abarca-5119-383-rio-grande-crazy-old-black\/","title":{"rendered":"5119-383 R\u00cdO GRANDE \u2013 Crazy Old Black"},"content":{"rendered":"<p>Traditioneller Cowboy Boot aus robustem Rindsleder &#8211; Damen &amp; Herren Der Rio Grande ist ein handgefertigter Stiefel im Texas Cowboy Stil. Doppelt gen\u00e4hte Goodyear Sohle, klassische Adler Stickerei am Schaft und zweifarbige Applikation auf dem Vorderfu\u00df.Der Schaft ist mit einem Adler verziert, der mit Garn im gleichen Farbton wie das Leder gestickt ist. Kunst, die geht Dass SANCHO-Stiefel zu den besten der Welt z\u00e4hlen, ist nichts Neues. Ein Kunde ein Freund, das ist die SANCHO-Philosophie &#8211; Zuneigung, guter Geschmack und Tradition. Sancho du bist ein Symbol f\u00fcr Tradition, Handwerkskunst, Design und Qualit\u00e4t. Dieses System besteht aus Doppeln\u00e4hten, die w\u00e4hrend der Lebensdauer des Stiefels h\u00f6chste Qualit\u00e4t garantieren.<\/p>\n","protected":false},"excerpt":{"rendered":"<p>&#8211; Lederabsatz mit rutschfestem Gummist\u00fcck.<br \/>\n&#8211; Dekorative Lederteile auf der Zehenkappe und auf der R\u00fcckseite.<br \/>\n&#8211; Anziehschlaufen mit Sancho Logo.<br \/>\n&#8211; Gesticktes Adler Motiv.<br \/>\n&#8211; Gepolsterte Komfortpflanze.<br \/>\n&#8211; Gepolsterter Stiefel mit Lederfutter.<\/p>\n","protected":false},"featured_media":5896,"comment_status":"open","ping_status":"closed","template":"","meta":{"_seopress_robots_primary_cat":"none","_seopress_titles_title":"Sancho Abarca Stiefel-2025 R\u00cdO GRANDE 5119 BLACK","_seopress_titles_desc":"Offizieller Shop. Entdecken Sie unsere Kollektion an Western, Biker, Custom und Exotenstiefeln. Hergestellt in Spanien mit dem Goodyear-System. Schneller und kostenloser Versand.","_seopress_robots_index":"","_joinchat":[]},"product_brand":[],"product_cat":[863,851,858,857],"product_tag":[],"class_list":{"0":"post-13161","1":"product","2":"type-product","3":"status-publish","4":"has-post-thumbnail","6":"product_cat-damen-de","7":"product_cat-herren","8":"product_cat-texanisch","9":"product_cat-mann-texanisch","11":"first","12":"instock","13":"taxable","14":"shipping-taxable","15":"purchasable","16":"product-type-variable"},"_links":{"self":[{"href":"https:\/\/sanchoabarcaboots.store\/de\/wp-json\/wp\/v2\/product\/13161","targetHints":{"allow":["GET"]}}],"collection":[{"href":"https:\/\/sanchoabarcaboots.store\/de\/wp-json\/wp\/v2\/product"}],"about":[{"href":"https:\/\/sanchoabarcaboots.store\/de\/wp-json\/wp\/v2\/types\/product"}],"replies":[{"embeddable":true,"href":"https:\/\/sanchoabarcaboots.store\/de\/wp-json\/wp\/v2\/comments?post=13161"}],"wp:featuredmedia":[{"embeddable":true,"href":"https:\/\/sanchoabarcaboots.store\/de\/wp-json\/wp\/v2\/media\/5896"}],"wp:attachment":[{"href":"https:\/\/sanchoabarcaboots.store\/de\/wp-json\/wp\/v2\/media?parent=13161"}],"wp:term":[{"taxonomy":"product_brand","embeddable":true,"href":"https:\/\/sanchoabarcaboots.store\/de\/wp-json\/wp\/v2\/product_brand?post=13161"},{"taxonomy":"product_cat","embeddable":true,"href":"https:\/\/sanchoabarcaboots.store\/de\/wp-json\/wp\/v2\/product_cat?post=13161"},{"taxonomy":"product_tag","embeddable":true,"href":"https:\/\/sanchoabarcaboots.store\/de\/wp-json\/wp\/v2\/product_tag?post=13161"}],"curies":[{"name":"wp","href":"https:\/\/api.w.org\/{rel}","templated":true}]}}