{"id":13137,"date":"2022-08-22T08:32:57","date_gmt":"2022-08-22T08:32:57","guid":{"rendered":"https:\/\/sanchoabarcaboots.store\/product\/6152-12066-monk-old-manchado-serraprin-brash-102\/"},"modified":"2025-03-17T11:37:47","modified_gmt":"2025-03-17T11:37:47","slug":"sancho-abarca-6152-12066-monk-old-manchado-serraprin-brash-102","status":"publish","type":"product","link":"https:\/\/sanchoabarcaboots.store\/de\/produkt\/sancho-abarca-6152-12066-monk-old-manchado-serraprin-brash-102\/","title":{"rendered":"6152-12066 MONK -Old Manchado \/Serraprin Brash 102"},"content":{"rendered":"<p>Auff\u00e4lige Stiefelette f\u00fcr den Alltag Bequeme Stiefelette mit seitlichem Gummizug und Zugschlaufe. Dreifach abgestepptes Flammenmuster auf dem Rist. Mit gen\u00e4hter und korkgef\u00fcllter Ledersohle; so macht die Bottine ein absolut angenehmes Tragegef\u00fchl und lange Freude. Die Sohle ist aus Voll-Leder gearbeitet, unter dem Absatz hat zus\u00e4tzlich eine Schicht Gummi-Sohle Verwendung gefunden. Farblich sch\u00f6n gearbeitet: schwarz, dunkel- bis hellbraun und dezentes mahagonibraun.<\/p>\n","protected":false},"excerpt":{"rendered":"<p>&#8211; Seitliche Gummiz\u00fcge und obere Klemme.<br \/>\n&#8211; Geeignet f\u00fcr breite F\u00fcsse.<br \/>\n&#8211; Lederfutter und gepolsterte Lederdecksohle.<br \/>\n&#8211; \u00dcberlappende Hautst\u00fccke in Form von Feuerflammen.<\/p>\n","protected":false},"featured_media":5398,"comment_status":"open","ping_status":"closed","template":"","meta":{"_seopress_robots_primary_cat":"none","_seopress_titles_title":"Sancho Abarca Stiefel-2025 MONK 6152 OLD MANCHADO\/SERRAPRIN","_seopress_titles_desc":"Offizieller Shop. Entdecken Sie unsere Kollektion an Western, Biker, Custom und Exotenstiefeln. Hergestellt in Spanien mit dem Goodyear-System. Schneller und kostenloser Versand.","_seopress_robots_index":"","_joinchat":[]},"product_brand":[],"product_cat":[851,857],"product_tag":[],"class_list":{"0":"post-13137","1":"product","2":"type-product","3":"status-publish","4":"has-post-thumbnail","6":"product_cat-herren","7":"product_cat-mann-texanisch","9":"first","10":"instock","11":"taxable","12":"shipping-taxable","13":"purchasable","14":"product-type-variable"},"_links":{"self":[{"href":"https:\/\/sanchoabarcaboots.store\/de\/wp-json\/wp\/v2\/product\/13137","targetHints":{"allow":["GET"]}}],"collection":[{"href":"https:\/\/sanchoabarcaboots.store\/de\/wp-json\/wp\/v2\/product"}],"about":[{"href":"https:\/\/sanchoabarcaboots.store\/de\/wp-json\/wp\/v2\/types\/product"}],"replies":[{"embeddable":true,"href":"https:\/\/sanchoabarcaboots.store\/de\/wp-json\/wp\/v2\/comments?post=13137"}],"wp:featuredmedia":[{"embeddable":true,"href":"https:\/\/sanchoabarcaboots.store\/de\/wp-json\/wp\/v2\/media\/5398"}],"wp:attachment":[{"href":"https:\/\/sanchoabarcaboots.store\/de\/wp-json\/wp\/v2\/media?parent=13137"}],"wp:term":[{"taxonomy":"product_brand","embeddable":true,"href":"https:\/\/sanchoabarcaboots.store\/de\/wp-json\/wp\/v2\/product_brand?post=13137"},{"taxonomy":"product_cat","embeddable":true,"href":"https:\/\/sanchoabarcaboots.store\/de\/wp-json\/wp\/v2\/product_cat?post=13137"},{"taxonomy":"product_tag","embeddable":true,"href":"https:\/\/sanchoabarcaboots.store\/de\/wp-json\/wp\/v2\/product_tag?post=13137"}],"curies":[{"name":"wp","href":"https:\/\/api.w.org\/{rel}","templated":true}]}}