{"id":13110,"date":"2022-08-22T08:32:57","date_gmt":"2022-08-22T08:32:57","guid":{"rendered":"https:\/\/sanchoabarcaboots.store\/product\/2258-532-blackshine-madrid-black\/"},"modified":"2025-03-17T11:29:40","modified_gmt":"2025-03-17T11:29:40","slug":"sancho-abarca-2258-532-blackshine-madrid-black","status":"publish","type":"product","link":"https:\/\/sanchoabarcaboots.store\/de\/produkt\/sancho-abarca-2258-532-blackshine-madrid-black\/","title":{"rendered":"2258 &#8211; 532 BLACKSHINE &#8211; Madrid Black"},"content":{"rendered":"<p>Exzellenter zeitgen\u00f6ssischer, urbaner, modischer Damen-Stiefeletten, der unsere urspr\u00fcngliche Form im texanischen Stil beibeh\u00e4lt. Stiefelette aus Schlangenhautimitat (Gravur auf Rindsleder). Ideale Stiefelette zum Kombinieren mit Freizeitkleidung oder zu einem sch\u00f6nen Kleid. Mit diesem Stiefel k\u00f6nnen Sie Ihre sch\u00f6nsten Momente bequem und leicht genie\u00dfen. Sp\u00fcren Sie den Beginn eines langen Spaziergangs, wenn Sie diesen Booty tragen, ohne sich um Ihre F\u00fc\u00dfe sorgen zu m\u00fcssen.<\/p>\n","protected":false},"excerpt":{"rendered":"<p>\u2022 Lederabsatz plus Gummist\u00fcck.<br \/>\n\u2022 Lederfutter.<br \/>\n\u2022 Gepolsterte Komfortpflanze.<br \/>\n\u2022 Ledersohle mit rutschfestem Gummist\u00fcck.<br \/>\n\u2022 Seitlicher Rei\u00dfverschluss f\u00fcr einfaches An- und Ausziehen.<\/p>\n","protected":false},"featured_media":5362,"comment_status":"open","ping_status":"closed","template":"","meta":{"_seopress_robots_primary_cat":"none","_seopress_titles_title":"Sancho Abarca Stiefel-2025 BLACKSHINE 2258 MADRID SCHWARZ","_seopress_titles_desc":"Offizieller Shop. Entdecken Sie unsere Kollektion an Western, Biker, Custom und Exotenstiefeln. Hergestellt in Spanien mit dem Goodyear-System. Schneller und kostenloser Versand.","_seopress_robots_index":"","_joinchat":[]},"product_brand":[],"product_cat":[865,863,858,859],"product_tag":[],"class_list":{"0":"post-13110","1":"product","2":"type-product","3":"status-publish","4":"has-post-thumbnail","6":"product_cat-beute-de","7":"product_cat-damen-de","8":"product_cat-texanisch","9":"product_cat-urbane-mode","11":"first","12":"instock","13":"taxable","14":"shipping-taxable","15":"purchasable","16":"product-type-variable"},"_links":{"self":[{"href":"https:\/\/sanchoabarcaboots.store\/de\/wp-json\/wp\/v2\/product\/13110","targetHints":{"allow":["GET"]}}],"collection":[{"href":"https:\/\/sanchoabarcaboots.store\/de\/wp-json\/wp\/v2\/product"}],"about":[{"href":"https:\/\/sanchoabarcaboots.store\/de\/wp-json\/wp\/v2\/types\/product"}],"replies":[{"embeddable":true,"href":"https:\/\/sanchoabarcaboots.store\/de\/wp-json\/wp\/v2\/comments?post=13110"}],"wp:featuredmedia":[{"embeddable":true,"href":"https:\/\/sanchoabarcaboots.store\/de\/wp-json\/wp\/v2\/media\/5362"}],"wp:attachment":[{"href":"https:\/\/sanchoabarcaboots.store\/de\/wp-json\/wp\/v2\/media?parent=13110"}],"wp:term":[{"taxonomy":"product_brand","embeddable":true,"href":"https:\/\/sanchoabarcaboots.store\/de\/wp-json\/wp\/v2\/product_brand?post=13110"},{"taxonomy":"product_cat","embeddable":true,"href":"https:\/\/sanchoabarcaboots.store\/de\/wp-json\/wp\/v2\/product_cat?post=13110"},{"taxonomy":"product_tag","embeddable":true,"href":"https:\/\/sanchoabarcaboots.store\/de\/wp-json\/wp\/v2\/product_tag?post=13110"}],"curies":[{"name":"wp","href":"https:\/\/api.w.org\/{rel}","templated":true}]}}