{"id":13101,"date":"2022-08-22T08:32:57","date_gmt":"2022-08-22T08:32:57","guid":{"rendered":"https:\/\/sanchoabarcaboots.store\/product\/6152-521-monk-box-pekin-black\/"},"modified":"2025-03-17T11:25:12","modified_gmt":"2025-03-17T11:25:12","slug":"sancho-abarca-6152-521-monk-box-pekin-black","status":"publish","type":"product","link":"https:\/\/sanchoabarcaboots.store\/de\/produkt\/sancho-abarca-6152-521-monk-box-pekin-black\/","title":{"rendered":"6152-521 MONK -Box Pek\u00edn Black"},"content":{"rendered":"<p>Klassische Stiefelette im Western Style Bequeme Stiefelette mit seitlichem Gummizug und Zugschlaufe. Dreifach abgestepptes Flammenmuster auf dem Rist. Mit gen\u00e4hter und korkgef\u00fcllter Ledersohle; so macht die Bottine ein absolut angenehmes Tragegef\u00fchl und lange Freude. Der Schuh wird auf der schm\u00e4leren und weniger spitzen &#8222;Western Sohle&#8220; aufgebaut. Sehr gut geeignet f\u00fcr F\u00fcsse, die etwas mehr Zehen Freiheit brauchen. Die hohe Qualit\u00e4t der handgearbeiteten Boots garantiert Ihnen eine einmalige Stiefelette, die Sie viele Jahre begleiten wird.<\/p>\n","protected":false},"excerpt":{"rendered":"<p>&#8211; Seitliche Gummiz\u00fcge und obere Klemme.<br \/>\n&#8211; Geeignet f\u00fcr breite F\u00fcsse.<br \/>\n&#8211; Lederfutter und gepolsterte Lederdecksohle.<br \/>\n&#8211; \u00dcberlappende Hautst\u00fccke in Form von Feuerflammen.<\/p>\n","protected":false},"featured_media":5350,"comment_status":"open","ping_status":"closed","template":"","meta":{"_seopress_robots_primary_cat":"none","_seopress_titles_title":"Sancho Abarca Stiefel-2025 MONK 6152 BOX PEKIN SCHWARZ","_seopress_titles_desc":"Offizieller Shop. Entdecken Sie unsere Kollektion an Western, Biker, Custom und Exotenstiefeln. Hergestellt in Spanien mit dem Goodyear-System. Schneller und kostenloser Versand.","_seopress_robots_index":"","_joinchat":[]},"product_brand":[],"product_cat":[851,857],"product_tag":[],"class_list":{"0":"post-13101","1":"product","2":"type-product","3":"status-publish","4":"has-post-thumbnail","6":"product_cat-herren","7":"product_cat-mann-texanisch","9":"first","10":"instock","11":"taxable","12":"shipping-taxable","13":"purchasable","14":"product-type-variable"},"_links":{"self":[{"href":"https:\/\/sanchoabarcaboots.store\/de\/wp-json\/wp\/v2\/product\/13101","targetHints":{"allow":["GET"]}}],"collection":[{"href":"https:\/\/sanchoabarcaboots.store\/de\/wp-json\/wp\/v2\/product"}],"about":[{"href":"https:\/\/sanchoabarcaboots.store\/de\/wp-json\/wp\/v2\/types\/product"}],"replies":[{"embeddable":true,"href":"https:\/\/sanchoabarcaboots.store\/de\/wp-json\/wp\/v2\/comments?post=13101"}],"wp:featuredmedia":[{"embeddable":true,"href":"https:\/\/sanchoabarcaboots.store\/de\/wp-json\/wp\/v2\/media\/5350"}],"wp:attachment":[{"href":"https:\/\/sanchoabarcaboots.store\/de\/wp-json\/wp\/v2\/media?parent=13101"}],"wp:term":[{"taxonomy":"product_brand","embeddable":true,"href":"https:\/\/sanchoabarcaboots.store\/de\/wp-json\/wp\/v2\/product_brand?post=13101"},{"taxonomy":"product_cat","embeddable":true,"href":"https:\/\/sanchoabarcaboots.store\/de\/wp-json\/wp\/v2\/product_cat?post=13101"},{"taxonomy":"product_tag","embeddable":true,"href":"https:\/\/sanchoabarcaboots.store\/de\/wp-json\/wp\/v2\/product_tag?post=13101"}],"curies":[{"name":"wp","href":"https:\/\/api.w.org\/{rel}","templated":true}]}}