{"id":13079,"date":"2022-08-22T08:32:57","date_gmt":"2022-08-22T08:32:57","guid":{"rendered":"https:\/\/sanchoabarcaboots.store\/product\/5326-383-boston-pull-grass-black\/"},"modified":"2025-03-17T11:24:49","modified_gmt":"2025-03-17T11:24:49","slug":"sancho-abarca-5326-383-boston-pull-grass-black","status":"publish","type":"product","link":"https:\/\/sanchoabarcaboots.store\/de\/produkt\/sancho-abarca-5326-383-boston-pull-grass-black\/","title":{"rendered":"5326-383 BOSTON -Pull Grass Black"},"content":{"rendered":"<p>Cowboy Boots Boston &#8211; kernig &amp; robust Mit diesem handgen\u00e4hten Western Stiefel k\u00f6nnen Sie den gesamten S\u00fcden durchqueren: klassisch, schlicht und ledergef\u00fcttert. Mit flachem und schr\u00e4gem Absatz. Das Pull Grass Leder ist die Haarseite des Rindleders, die nochmals mit Wachs behandelt wird. Beigefarbig Ziern\u00e4hte umrahmen die querlaufenden Lederstreifen und finden sich als Adler Motive am Schaft wieder. Der Stiefel wird Ihnen ein robuster Begleiter mit einer erstaunlichen Haltbarkeit werden. Bei der handgearbeiteten Herstellungsweise legen wir gr\u00f6ssten Wert auf beste Verarbeitung. Nur bestes ausgesuchtes Leder wird f\u00fcr diesen Western Stiefel verwendet. Leder ist ein Naturprodukt, dabei k\u00f6nnen ganz kleine farbliche Unterschiede vorkommen.<\/p>\n","protected":false},"excerpt":{"rendered":"<p>&#8211; Gepolsterter Stiefel mit Lederfutter.<br \/>\n&#8211; Lederabsatz mit rutschfestem Gummist\u00fcck.<br \/>\n&#8211; Ledersohle.<br \/>\n&#8211; Spitze Fusskappe &amp; schr\u00e4ger Absatz.<br \/>\n&#8211; Gepolsterte Komfortpflanze.<br \/>\n&#8211; Stickereien auf der Haut.<\/p>\n","protected":false},"featured_media":6232,"comment_status":"open","ping_status":"closed","template":"","meta":{"_seopress_robots_primary_cat":"none","_seopress_titles_title":"Sancho Abarca Stiefel-2025 BOSTON 5326 PULL GRASS BLACK","_seopress_titles_desc":"Offizieller Shop. Entdecken Sie unsere Kollektion an Western, Biker, Custom und Exotenstiefeln. Hergestellt in Spanien mit dem Goodyear-System. Schneller und kostenloser Versand.","_seopress_robots_index":"","_joinchat":[]},"product_brand":[],"product_cat":[851,857],"product_tag":[],"class_list":{"0":"post-13079","1":"product","2":"type-product","3":"status-publish","4":"has-post-thumbnail","6":"product_cat-herren","7":"product_cat-mann-texanisch","9":"first","10":"instock","11":"taxable","12":"shipping-taxable","13":"purchasable","14":"product-type-variable"},"_links":{"self":[{"href":"https:\/\/sanchoabarcaboots.store\/de\/wp-json\/wp\/v2\/product\/13079","targetHints":{"allow":["GET"]}}],"collection":[{"href":"https:\/\/sanchoabarcaboots.store\/de\/wp-json\/wp\/v2\/product"}],"about":[{"href":"https:\/\/sanchoabarcaboots.store\/de\/wp-json\/wp\/v2\/types\/product"}],"replies":[{"embeddable":true,"href":"https:\/\/sanchoabarcaboots.store\/de\/wp-json\/wp\/v2\/comments?post=13079"}],"wp:featuredmedia":[{"embeddable":true,"href":"https:\/\/sanchoabarcaboots.store\/de\/wp-json\/wp\/v2\/media\/6232"}],"wp:attachment":[{"href":"https:\/\/sanchoabarcaboots.store\/de\/wp-json\/wp\/v2\/media?parent=13079"}],"wp:term":[{"taxonomy":"product_brand","embeddable":true,"href":"https:\/\/sanchoabarcaboots.store\/de\/wp-json\/wp\/v2\/product_brand?post=13079"},{"taxonomy":"product_cat","embeddable":true,"href":"https:\/\/sanchoabarcaboots.store\/de\/wp-json\/wp\/v2\/product_cat?post=13079"},{"taxonomy":"product_tag","embeddable":true,"href":"https:\/\/sanchoabarcaboots.store\/de\/wp-json\/wp\/v2\/product_tag?post=13079"}],"curies":[{"name":"wp","href":"https:\/\/api.w.org\/{rel}","templated":true}]}}