{"id":12981,"date":"2022-08-22T08:32:59","date_gmt":"2022-08-22T08:32:59","guid":{"rendered":"https:\/\/sanchoabarcaboots.store\/product\/sancho-abarca-2308-blackhole-madrid-black\/"},"modified":"2025-03-17T08:16:04","modified_gmt":"2025-03-17T08:16:04","slug":"sancho-abarca-2308-blackhole-madrid-black","status":"publish","type":"product","link":"https:\/\/sanchoabarcaboots.store\/de\/produkt\/sancho-abarca-2308-blackhole-madrid-black\/","title":{"rendered":"2308 BLACKHOLE &#8211; MADRID BLACK"},"content":{"rendered":"<p>Exzellenter zeitgen\u00f6ssischer, urbaner, modischer Damen-Stiefeletten, der unsere urspr\u00fcngliche Form im texanischen Stil beibeh\u00e4lt. Stiefelette aus Schlangenhautimitat (Gravur auf Rindsleder). Ideale Stiefelette zum Kombinieren mit Freizeitkleidung oder zu einem sch\u00f6nen Kleid. Mit diesem Stiefel k\u00f6nnen Sie Ihre sch\u00f6nsten Momente bequem und leicht genie\u00dfen. Sp\u00fcren Sie den Beginn einer langen Reise, wenn Sie diesen Booty tragen, ohne sich um Ihre F\u00fc\u00dfe zu sorgen.<\/p>\n","protected":false},"excerpt":{"rendered":"<p>\u2022 Lederabsatz plus Gummist\u00fcck.<br \/>\n\u2022 Lederfutter.<br \/>\n\u2022 Gepolsterte Komfortpflanze.<br \/>\n\u2022 Ledersohle mit rutschfestem Gummist\u00fcck.<br \/>\n\u2022 Seitlicher Rei\u00dfverschluss f\u00fcr einfaches An- und Ausziehen<\/p>\n","protected":false},"featured_media":5452,"comment_status":"open","ping_status":"closed","template":"","meta":{"_seopress_robots_primary_cat":"none","_seopress_titles_title":"Sancho Abarca Stiefel-2025 BLACKHOLE 2308 SCHWARZ","_seopress_titles_desc":"Offizieller Shop. Entdecken Sie unsere Kollektion an Western, Biker, Custom und Exotenstiefeln. Hergestellt in Spanien mit dem Goodyear-System. Schneller und kostenloser Versand.","_seopress_robots_index":"","_joinchat":[]},"product_brand":[],"product_cat":[863,859],"product_tag":[],"class_list":{"0":"post-12981","1":"product","2":"type-product","3":"status-publish","4":"has-post-thumbnail","6":"product_cat-damen-de","7":"product_cat-urbane-mode","9":"first","10":"instock","11":"featured","12":"taxable","13":"shipping-taxable","14":"purchasable","15":"product-type-variable"},"_links":{"self":[{"href":"https:\/\/sanchoabarcaboots.store\/de\/wp-json\/wp\/v2\/product\/12981","targetHints":{"allow":["GET"]}}],"collection":[{"href":"https:\/\/sanchoabarcaboots.store\/de\/wp-json\/wp\/v2\/product"}],"about":[{"href":"https:\/\/sanchoabarcaboots.store\/de\/wp-json\/wp\/v2\/types\/product"}],"replies":[{"embeddable":true,"href":"https:\/\/sanchoabarcaboots.store\/de\/wp-json\/wp\/v2\/comments?post=12981"}],"wp:featuredmedia":[{"embeddable":true,"href":"https:\/\/sanchoabarcaboots.store\/de\/wp-json\/wp\/v2\/media\/5452"}],"wp:attachment":[{"href":"https:\/\/sanchoabarcaboots.store\/de\/wp-json\/wp\/v2\/media?parent=12981"}],"wp:term":[{"taxonomy":"product_brand","embeddable":true,"href":"https:\/\/sanchoabarcaboots.store\/de\/wp-json\/wp\/v2\/product_brand?post=12981"},{"taxonomy":"product_cat","embeddable":true,"href":"https:\/\/sanchoabarcaboots.store\/de\/wp-json\/wp\/v2\/product_cat?post=12981"},{"taxonomy":"product_tag","embeddable":true,"href":"https:\/\/sanchoabarcaboots.store\/de\/wp-json\/wp\/v2\/product_tag?post=12981"}],"curies":[{"name":"wp","href":"https:\/\/api.w.org\/{rel}","templated":true}]}}