{"id":12884,"date":"2022-11-08T13:56:55","date_gmt":"2022-11-08T13:56:55","guid":{"rendered":"https:\/\/sanchoabarcaboots.store\/product\/1933-mexico-nobuck-grabado-serpiente\/"},"modified":"2025-10-02T15:05:04","modified_gmt":"2025-10-02T15:05:04","slug":"1933-mexico-nobuck-grabado-serpiente","status":"publish","type":"product","link":"https:\/\/sanchoabarcaboots.store\/de\/produkt\/1933-mexico-nobuck-grabado-serpiente\/","title":{"rendered":"1933 MEXICO &#8211; NOBUCK \/ GRABADO SERPIENTE"},"content":{"rendered":"<p>Hervorragender Damenstiefel. Aktuell, urban, modisch und unter Beibehaltung unserer urspr\u00fcnglichen Form im texanischen Stil. Rindslederstiefel mit Vintage-Finish und gravierter Schlangenimitation auf Rindsleder. Idealer Stiefel zum Kombinieren mit Freizeitkleidung oder zum Tragen mit einem sch\u00f6nen Kleid. Mit diesem Stiefel k\u00f6nnen Sie Ihre sch\u00f6nsten Momente bequem und leicht genie\u00dfen. Wenn Sie diesen Stiefel anziehen, sp\u00fcren Sie den Beginn einer langen Reise, ohne sich um Ihre F\u00fc\u00dfe sorgen zu m\u00fcssen.<\/p>\n","protected":false},"excerpt":{"rendered":"<p>\u2022 Lederabsatz plus Gummist\u00fcck.<br \/>\n\u2022 Lederfutter.<br \/>\n\u2022 Gepolsterte Komfortpflanze.<br \/>\n\u2022 Ledersohle.<br \/>\n\u2022 Stickerei auf dem Stock und dem Rist mit einem St\u00fcck Schlangenlederimitat.<\/p>\n","protected":false},"featured_media":5977,"comment_status":"open","ping_status":"closed","template":"","meta":{"_seopress_robots_primary_cat":"none","_seopress_titles_title":"Sancho Abarca Stiefel-2025 MEXICO 1933 ROT","_seopress_titles_desc":"Offizieller Shop. Entdecken Sie unsere Kollektion an Western, Biker, Custom und Exotenstiefeln. Hergestellt in Spanien mit dem Goodyear-System. Schneller und kostenloser Versand.","_seopress_robots_index":"","_joinchat":[]},"product_brand":[],"product_cat":[863,858],"product_tag":[],"class_list":{"0":"post-12884","1":"product","2":"type-product","3":"status-publish","4":"has-post-thumbnail","6":"product_cat-damen-de","7":"product_cat-texanisch","9":"first","10":"instock","11":"featured","12":"taxable","13":"shipping-taxable","14":"purchasable","15":"product-type-variable"},"_links":{"self":[{"href":"https:\/\/sanchoabarcaboots.store\/de\/wp-json\/wp\/v2\/product\/12884","targetHints":{"allow":["GET"]}}],"collection":[{"href":"https:\/\/sanchoabarcaboots.store\/de\/wp-json\/wp\/v2\/product"}],"about":[{"href":"https:\/\/sanchoabarcaboots.store\/de\/wp-json\/wp\/v2\/types\/product"}],"replies":[{"embeddable":true,"href":"https:\/\/sanchoabarcaboots.store\/de\/wp-json\/wp\/v2\/comments?post=12884"}],"wp:featuredmedia":[{"embeddable":true,"href":"https:\/\/sanchoabarcaboots.store\/de\/wp-json\/wp\/v2\/media\/5977"}],"wp:attachment":[{"href":"https:\/\/sanchoabarcaboots.store\/de\/wp-json\/wp\/v2\/media?parent=12884"}],"wp:term":[{"taxonomy":"product_brand","embeddable":true,"href":"https:\/\/sanchoabarcaboots.store\/de\/wp-json\/wp\/v2\/product_brand?post=12884"},{"taxonomy":"product_cat","embeddable":true,"href":"https:\/\/sanchoabarcaboots.store\/de\/wp-json\/wp\/v2\/product_cat?post=12884"},{"taxonomy":"product_tag","embeddable":true,"href":"https:\/\/sanchoabarcaboots.store\/de\/wp-json\/wp\/v2\/product_tag?post=12884"}],"curies":[{"name":"wp","href":"https:\/\/api.w.org\/{rel}","templated":true}]}}