{"id":12811,"date":"2023-04-11T09:58:11","date_gmt":"2023-04-11T09:58:11","guid":{"rendered":"https:\/\/sanchoabarcaboots.store\/product\/1933-mexico-florentic-negro-burdeos\/"},"modified":"2025-03-17T07:52:22","modified_gmt":"2025-03-17T07:52:22","slug":"1933-mexico-florentic-negro-burdeos","status":"publish","type":"product","link":"https:\/\/sanchoabarcaboots.store\/de\/produkt\/1933-mexico-florentic-negro-burdeos\/","title":{"rendered":"1933 MEXICO &#8211; FLORENTIC NEGRO \/ BURDEOS"},"content":{"rendered":"<p>Hervorragender Herrenstiefel. Aktuell, urban, modisch und unter Beibehaltung unseres urspr\u00fcnglichen texanischen Stils. Stiefel aus Rindsleder im Vintage-Finish. Idealer Stiefel zum Kombinieren mit Freizeitkleidung. Mit diesem Stiefel k\u00f6nnen Sie Ihre sch\u00f6nsten Momente bequem und leicht genie\u00dfen. Wenn Sie diesen Stiefel tragen, sp\u00fcren Sie den Beginn einer langen Reise, ohne sich um Ihre F\u00fc\u00dfe sorgen zu m\u00fcssen.<\/p>\n","protected":false},"excerpt":{"rendered":"<p>&#8211; Lederabsatz plus Gummist\u00fcck.<br \/>\n&#8211; Lederfutter.<br \/>\n&#8211; Gepolsterte Komfortpflanze.<br \/>\n&#8211; Ledersohle.<br \/>\n&#8211; Stickerei auf dem Stock und dem Rist mit einem St\u00fcck Schlangenlederimitat.<\/p>\n","protected":false},"featured_media":12812,"comment_status":"open","ping_status":"closed","template":"","meta":{"_seopress_robots_primary_cat":"none","_seopress_titles_title":"Sancho Abarca Stiefel-2025 MEXICO 1933 SCHWARZ","_seopress_titles_desc":"Offizieller Shop. Entdecken Sie unsere Kollektion an Western, Biker, Custom und Exotenstiefeln. Hergestellt in Spanien mit dem Goodyear-System. Schneller und kostenloser Versand.","_seopress_robots_index":"","_joinchat":[]},"product_brand":[],"product_cat":[866,851,857],"product_tag":[],"class_list":{"0":"post-12811","1":"product","2":"type-product","3":"status-publish","4":"has-post-thumbnail","6":"product_cat-auslass","7":"product_cat-herren","8":"product_cat-mann-texanisch","10":"first","11":"instock","12":"featured","13":"taxable","14":"shipping-taxable","15":"purchasable","16":"product-type-variable"},"_links":{"self":[{"href":"https:\/\/sanchoabarcaboots.store\/de\/wp-json\/wp\/v2\/product\/12811","targetHints":{"allow":["GET"]}}],"collection":[{"href":"https:\/\/sanchoabarcaboots.store\/de\/wp-json\/wp\/v2\/product"}],"about":[{"href":"https:\/\/sanchoabarcaboots.store\/de\/wp-json\/wp\/v2\/types\/product"}],"replies":[{"embeddable":true,"href":"https:\/\/sanchoabarcaboots.store\/de\/wp-json\/wp\/v2\/comments?post=12811"}],"wp:featuredmedia":[{"embeddable":true,"href":"https:\/\/sanchoabarcaboots.store\/de\/wp-json\/wp\/v2\/media\/12812"}],"wp:attachment":[{"href":"https:\/\/sanchoabarcaboots.store\/de\/wp-json\/wp\/v2\/media?parent=12811"}],"wp:term":[{"taxonomy":"product_brand","embeddable":true,"href":"https:\/\/sanchoabarcaboots.store\/de\/wp-json\/wp\/v2\/product_brand?post=12811"},{"taxonomy":"product_cat","embeddable":true,"href":"https:\/\/sanchoabarcaboots.store\/de\/wp-json\/wp\/v2\/product_cat?post=12811"},{"taxonomy":"product_tag","embeddable":true,"href":"https:\/\/sanchoabarcaboots.store\/de\/wp-json\/wp\/v2\/product_tag?post=12811"}],"curies":[{"name":"wp","href":"https:\/\/api.w.org\/{rel}","templated":true}]}}