{"id":12808,"date":"2023-04-14T09:37:10","date_gmt":"2023-04-14T09:37:10","guid":{"rendered":"https:\/\/sanchoabarcaboots.store\/product\/bota-en-piton-original-oportunidad-unica\/"},"modified":"2023-06-15T17:27:49","modified_gmt":"2023-06-15T17:27:49","slug":"bota-en-piton-original-oportunidad-unica","status":"publish","type":"product","link":"https:\/\/sanchoabarcaboots.store\/de\/produkt\/bota-en-piton-original-oportunidad-unica\/","title":{"rendered":"ORIGINAL PYTHON-Stiefel. EINZIGARTIGE CHANCE!"},"content":{"rendered":"<p>Es ist ein Stiefel, der von Liebhabern des Exklusiven aufgrund des Luxus seiner Rohstoffe sehr gesch\u00e4tzt wird. Schlangenhaut muss mit einer speziellen Creme oder K\u00f6rperfeuchtigkeitscreme gepflegt werden, damit sie in ihrer ganzen Pracht erstrahlt. Dieses Modell pr\u00e4sentiert die klassischen Stickereien der Marke SANCHO ABARCA auf dem Schaft. Am Schaftende befinden sich zwei Schlaufen, die das Anziehen des Stiefels erleichtern.<\/p>\n","protected":false},"excerpt":{"rendered":"<p>Es ist ein Stiefel, der von Liebhabern des Exklusiven aufgrund des Luxus seiner Rohstoffe sehr gesch\u00e4tzt wird. Schlangenhaut muss mit einer speziellen Creme oder K\u00f6rperfeuchtigkeitscreme gepflegt werden, damit sie in ihrer ganzen Pracht erstrahlt. Dieses Modell pr\u00e4sentiert die klassischen Stickereien der Marke SANCHO ABARCA auf dem Schaft. Am Schaftende befinden sich zwei Schlaufen, die das [&hellip;]<\/p>\n","protected":false},"featured_media":12809,"comment_status":"open","ping_status":"closed","template":"","meta":{"_seopress_robots_primary_cat":"","_seopress_titles_title":"","_seopress_titles_desc":"","_seopress_robots_index":"","_joinchat":[]},"product_brand":[],"product_cat":[866,851,857],"product_tag":[],"class_list":{"0":"post-12808","1":"product","2":"type-product","3":"status-publish","4":"has-post-thumbnail","6":"product_cat-auslass","7":"product_cat-herren","8":"product_cat-mann-texanisch","10":"first","11":"instock","12":"taxable","13":"shipping-taxable","14":"purchasable","15":"product-type-variable"},"_links":{"self":[{"href":"https:\/\/sanchoabarcaboots.store\/de\/wp-json\/wp\/v2\/product\/12808","targetHints":{"allow":["GET"]}}],"collection":[{"href":"https:\/\/sanchoabarcaboots.store\/de\/wp-json\/wp\/v2\/product"}],"about":[{"href":"https:\/\/sanchoabarcaboots.store\/de\/wp-json\/wp\/v2\/types\/product"}],"replies":[{"embeddable":true,"href":"https:\/\/sanchoabarcaboots.store\/de\/wp-json\/wp\/v2\/comments?post=12808"}],"wp:featuredmedia":[{"embeddable":true,"href":"https:\/\/sanchoabarcaboots.store\/de\/wp-json\/wp\/v2\/media\/12809"}],"wp:attachment":[{"href":"https:\/\/sanchoabarcaboots.store\/de\/wp-json\/wp\/v2\/media?parent=12808"}],"wp:term":[{"taxonomy":"product_brand","embeddable":true,"href":"https:\/\/sanchoabarcaboots.store\/de\/wp-json\/wp\/v2\/product_brand?post=12808"},{"taxonomy":"product_cat","embeddable":true,"href":"https:\/\/sanchoabarcaboots.store\/de\/wp-json\/wp\/v2\/product_cat?post=12808"},{"taxonomy":"product_tag","embeddable":true,"href":"https:\/\/sanchoabarcaboots.store\/de\/wp-json\/wp\/v2\/product_tag?post=12808"}],"curies":[{"name":"wp","href":"https:\/\/api.w.org\/{rel}","templated":true}]}}