{"id":12799,"date":"2022-05-31T12:47:30","date_gmt":"2022-05-31T12:47:30","guid":{"rendered":"https:\/\/sanchoabarcaboots.store\/politica-privacidad\/"},"modified":"2024-02-07T10:18:16","modified_gmt":"2024-02-07T10:18:16","slug":"politica-privacidad","status":"publish","type":"page","link":"https:\/\/sanchoabarcaboots.store\/de\/politica-privacidad\/","title":{"rendered":"Datenschutzrichtlinie"},"content":{"rendered":"<p>ALAZAN BOOT, S.L. verpflichtet sich, Ihre Privatsph\u00e4re zu sch\u00fctzen. In dieser Datenschutzerkl\u00e4rung erl\u00e4utern wir Ihnen, wie wir Ihre personenbezogenen Daten erheben und nutzen und welche Rechte und M\u00f6glichkeiten Sie diesbez\u00fcglich haben. Bitte lesen Sie auch unsere Cookie-Richtlinie, in der die Verwendung von Cookies und anderen Web-Tracking-Ger\u00e4ten auf unserer Website erl\u00e4utert wird.<\/p><p><strong><u>Wer ist f\u00fcr die Verarbeitung Ihrer personenbezogenen Daten verantwortlich?<\/u><\/strong><\/p><p>ALAZAN BOOT, S.L. mit N.I.F. B-16980781, Sitz in C\/ ISABEL LA CAT\u00d3LICA N\u00ba 5, 4\u00ba C, C.P- 03007- ALICANTE mit Telefonnummer 609-65.50.68 und E-Mail: info@sanchoabarcaboots.store ist f\u00fcr die Verarbeitung Ihrer Daten verantwortlich eine pers\u00f6nliche Natur. Daher garantieren wir Ihre Sicherheit und vertrauliche Behandlung gem\u00e4\u00df den Bestimmungen der EUROP\u00c4ISCHEN DATENSCHUTZVERORDNUNG (EU) 679\/2016 sowie allen anderen geltenden Vorschriften.<\/p><p><strong><u>F\u00fcr welche Zwecke verwenden wir Ihre personenbezogenen Daten?<\/u><\/strong><\/p><p>Bei ALAZAN BOOT, S.L. Wir nutzen Ihre Daten im gesetzlich zul\u00e4ssigen Umfang sowie im Rahmen der jeweils geltenden Vorschriften. In jedem Fall erfolgt die Verarbeitung f\u00fcr bestimmte, eindeutige und legitime Zwecke und in keinem Fall werden sie in einer Weise behandelt, die mit diesen Zwecken unvereinbar ist. Im Einzelnen werden folgende Behandlungen durchgef\u00fchrt:<\/p><ul class=\"wp-block-list\"><li>\u2022 Reagieren Sie auf Ihre Fragen, W\u00fcnsche oder W\u00fcnsche.<\/li>\n\n<li>\u2022 Verwalten Sie das Vertragsverh\u00e4ltnis und die Erbringung der vom Kunden gew\u00fcnschten Beratungsleistungen.<\/li>\n\n<li>\u2022 Verwalten Sie Ihre Telefonanrufe.<\/li>\n\n<li>\u2022 Stellen Sie Zahlungsbelege f\u00fcr die dem Kunden erbrachten Dienstleistungen aus.<\/li>\n\n<li>\u2022 F\u00fcr die korrekte Erbringung der angeforderten Dienstleistung werden die personenbezogenen Daten des Kunden verarbeitet, die zur \u00dcberwachung ihrer Entwicklung w\u00e4hrend der Erbringung der Dienstleistung erforderlich sind.<\/li>\n\n<li>\u2022 F\u00fchren Sie alle Verwaltungs-, Steuer- und Buchhaltungsverfahren durch, die zur Einhaltung unserer vertraglichen Verpflichtungen sowie Steuer- und Buchhaltungspflichten erforderlich sind.<\/li>\n\n<li>\u2022 Einhaltung unserer gesetzlichen Verpflichtungen.<\/li>\n\n<li>\u2022 Analysieren und verbessern Sie unsere Dienstleistungen und Kommunikation mit Ihnen.<\/li>\n\n<li>\u2022 \u00dcberwachen und bewerten Sie die Einhaltung unserer Richtlinien und Standards.<\/li>\n\n<li>\u2022 Verwalten Sie den Versand von Informationen und die kommerzielle Akquise mit allen Mitteln im Falle einer ausdr\u00fccklichen Zustimmung.<\/li><\/ul><p><strong><u>Was ist die Legitimit\u00e4t f\u00fcr die Verarbeitung Ihrer Daten?<\/u><\/strong><\/p><p>Die Legitimation der von uns durchgef\u00fchrten Verarbeitung personenbezogener Daten erfolgt jederzeit in \u00dcbereinstimmung mit den Bestimmungen von Artikel 6 der DSGVO sowie Artikel 8 des Organgesetzes 3\/2018. In F\u00e4llen, in denen sich die Legitimation f\u00fcr den Hauptzweck der Datenverwendung in keiner der bisherigen Rechtsgrundlagen findet, wird die Zustimmung des Betroffenen zur Verarbeitung eingeholt.<\/p><p><strong><u>Wie lange bewahren wir Ihre Daten auf?<\/u><\/strong><\/p><p>Personenbezogene Daten werden so lange aufbewahrt, wie es f\u00fcr die Erbringung der Dienstleistung erforderlich ist oder solange der Interessent seine Einwilligung nicht widerruft. Anschlie\u00dfend werden die Daten gem\u00e4\u00df den Bestimmungen der Datenschutzbestimmungen gel\u00f6scht, was ihre Sperrung nach sich zieht und nur auf Antrag von Richtern und Gerichten, dem Ombudsmann, der Staatsanwaltschaft oder den zust\u00e4ndigen \u00f6ffentlichen Verwaltungen w\u00e4hrend der Verj\u00e4hrungsfrist verf\u00fcgbar ist die Aktionen, die auftreten k\u00f6nnten, und danach wird deren vollst\u00e4ndige Beseitigung fortgesetzt.<\/p><p><strong><u>An wen geben wir Ihre Daten weiter?<\/u><\/strong><\/p><p>Wir informieren Sie dar\u00fcber, dass die bereitgestellten Daten an die verschiedenen Anbieter von Produkten und Dienstleistungen weitergegeben werden, die f\u00fcr die Durchf\u00fchrung der angeforderten Behandlung erforderlich sind. Unsere Lieferanten sind verpflichtet, die zur Verf\u00fcgung gestellten Daten ausschlie\u00dflich zur Erf\u00fcllung der gew\u00fcnschten Leistung zu verwenden. Die von ALAZAN BOOT, S.L. verarbeiteten personenbezogenen Daten Zur Erreichung der oben genannten Zwecke k\u00f6nnen sie je nach Legitimationsgrund der \u00dcbermittlung an folgende Empf\u00e4nger \u00fcbermittelt werden:<\/p><ul class=\"wp-block-list\"><li>\u2022 &nbsp;&nbsp;&nbsp;&nbsp;\u00d6ffentliche Verwaltungen in den gesetzlich vorgesehenen F\u00e4llen.<\/li>\n\n<li>\u2022&nbsp;&nbsp;&nbsp; &nbsp;Die staatlichen Sicherheitskr\u00e4fte und -organe.<\/li>\n\n<li>\u2022 Banken und Finanzinstitute f\u00fcr die Inanspruchnahme vertraglich vereinbarter Dienstleistungen.<\/li>\n\n<li>\u2022 &nbsp;&nbsp;\u00d6ffentliche Register von Systemen zur Zahlungsf\u00e4higkeit von Verm\u00f6genswerten und zur Betrugspr\u00e4vention<\/li><\/ul><p><strong><u>Welche Rechte haben Sie?<\/u><\/strong><\/p><p><strong>Rechte<\/strong>:<\/p><p>Insbesondere haben Sie, unabh\u00e4ngig von dem Zweck oder der Rechtsgrundlage, zu der wir Ihre Daten verarbeiten, das Recht:<\/p><p>\u2022 Auskunftsrecht: Jeder hat das Recht, eine Best\u00e4tigung dar\u00fcber zu erhalten, ob ALAZAN BOOT, S.L. verarbeitet personenbezogene Daten, die Sie betreffen.<\/p><p>\u2022 Recht auf Berichtigung: Sie haben das Recht, auf Ihre bei uns gespeicherten personenbezogenen Daten zuzugreifen und deren Berichtigung zu verlangen, wenn diese unrichtig sind.<\/p><p>\u2022 Recht auf L\u00f6schung: wenn die erhobenen Daten f\u00fcr die Zwecke, f\u00fcr die sie erhoben wurden, nicht mehr erforderlich sind.<\/p><p>\u2022 Recht auf Einschr\u00e4nkung der Verarbeitung: Sie k\u00f6nnen die Einschr\u00e4nkung der Verarbeitung Ihrer Daten verlangen und verlangen, dass diese zur Geltendmachung oder Verteidigung von Anspr\u00fcchen gespeichert werden.<\/p><p>\u2022 Recht auf \u00dcbertragbarkeit: Sie haben das Recht, die Sie betreffenden personenbezogenen Daten in einem strukturierten, g\u00e4ngigen und maschinenlesbaren Format zu erhalten und diese an einen anderen Verantwortlichen zu \u00fcbermitteln.<\/p><p>\u2022 Recht auf Widerruf der Einwilligung: Das Recht, jede Einwilligung, die Sie uns zuvor zur Verarbeitung Ihrer personenbezogenen Daten erteilt haben, zu widerrufen. Wenn Sie Ihre Einwilligung widerrufen, hat dies keinen Einfluss auf die Rechtm\u00e4\u00dfigkeit unserer Nutzung Ihrer personenbezogenen Daten vor dem Widerruf Ihrer Einwilligung.<\/p><p><strong><u>Wie k\u00f6nnen Sie Ihre Rechte aus\u00fcben?<\/u><\/strong><\/p><p>ALAZAN BOOT, S.L. verpflichtet sich, die Vertraulichkeit Ihrer personenbezogenen Daten zu respektieren und die Aus\u00fcbung Ihrer Rechte zu gew\u00e4hrleisten. Sie k\u00f6nnen sie kostenlos aus\u00fcben, indem Sie eine E-Mail an unsere Adresse info@sanchoabarcaboots.store schreiben. Geben Sie dabei einfach den Grund f\u00fcr Ihren Antrag und das Recht an, das Sie aus\u00fcben m\u00f6chten, und weisen Sie darauf hin, dass es laut Gesetz unbedingt erforderlich ist, eine Kopie bereitzustellen Ihres DNI oder NIE. Wir informieren Sie au\u00dferdem dar\u00fcber, dass Sie im Einklang mit unserer Transparenzrichtlinie die Rechteformulare auf einem der folgenden Wege anfordern k\u00f6nnen: in der Zentrale selbst oder per E-Mail. Sie werden dar\u00fcber informiert, dass Sie Ihre Rechte auch durch Abgabe einer Erkl\u00e4rung bei der zust\u00e4ndigen Aufsichtsbeh\u00f6rde geltend machen k\u00f6nnen, wenn Sie mit der Aus\u00fcbung Ihrer Rechte nicht zufrieden sind.<\/p><p><strong><u>M\u00f6chten Sie ein Formular zur Aus\u00fcbung Ihrer Rechte?<\/u><\/strong><\/p><ul class=\"wp-block-list\"><li>\u2022 Wir verf\u00fcgen \u00fcber Formulare f\u00fcr die Aus\u00fcbung Ihrer Rechte. Fragen Sie uns per E-Mail oder, wenn Sie es vorziehen, k\u00f6nnen Sie die von der spanischen Datenschutzbeh\u00f6rde oder Dritten erstellten Formulare verwenden.<\/li>\n\n<li>\u2022 Diese Formulare m\u00fcssen elektronisch unterzeichnet werden oder von einer Fotokopie Ihres Personalausweises begleitet sein.<\/li>\n\n<li>\u2022 Wenn Sie jemand vertritt, m\u00fcssen Sie eine Kopie seines Personalausweises beif\u00fcgen oder ihn mit seiner elektronischen Signatur unterschreiben lassen.<\/li>\n\n<li>\u2022 Die Formulare k\u00f6nnen pers\u00f6nlich eingereicht, per Brief oder per E-Mail an die Adresse des Verantwortlichen am Anfang dieses Textes gesendet werden.<\/li><\/ul>","protected":false},"excerpt":{"rendered":"<p>ALAZAN BOOT, S.L. verpflichtet sich, Ihre Privatsph\u00e4re zu sch\u00fctzen. In dieser Datenschutzerkl\u00e4rung erl\u00e4utern wir Ihnen, wie wir Ihre personenbezogenen Daten erheben und nutzen und welche Rechte und M\u00f6glichkeiten Sie diesbez\u00fcglich haben. Bitte lesen Sie auch unsere Cookie-Richtlinie, in der die Verwendung von Cookies und anderen Web-Tracking-Ger\u00e4ten auf unserer Website erl\u00e4utert wird. Wer ist f\u00fcr die [&hellip;]<\/p>\n","protected":false},"author":1,"featured_media":0,"parent":0,"menu_order":0,"comment_status":"closed","ping_status":"open","template":"","meta":{"_seopress_robots_primary_cat":"","_seopress_titles_title":"sancho","_seopress_titles_desc":"","_seopress_robots_index":"","_joinchat":[],"footnotes":""},"class_list":["post-12799","page","type-page","status-publish","hentry"],"_links":{"self":[{"href":"https:\/\/sanchoabarcaboots.store\/de\/wp-json\/wp\/v2\/pages\/12799","targetHints":{"allow":["GET"]}}],"collection":[{"href":"https:\/\/sanchoabarcaboots.store\/de\/wp-json\/wp\/v2\/pages"}],"about":[{"href":"https:\/\/sanchoabarcaboots.store\/de\/wp-json\/wp\/v2\/types\/page"}],"author":[{"embeddable":true,"href":"https:\/\/sanchoabarcaboots.store\/de\/wp-json\/wp\/v2\/users\/1"}],"replies":[{"embeddable":true,"href":"https:\/\/sanchoabarcaboots.store\/de\/wp-json\/wp\/v2\/comments?post=12799"}],"version-history":[{"count":2,"href":"https:\/\/sanchoabarcaboots.store\/de\/wp-json\/wp\/v2\/pages\/12799\/revisions"}],"predecessor-version":[{"id":13862,"href":"https:\/\/sanchoabarcaboots.store\/de\/wp-json\/wp\/v2\/pages\/12799\/revisions\/13862"}],"wp:attachment":[{"href":"https:\/\/sanchoabarcaboots.store\/de\/wp-json\/wp\/v2\/media?parent=12799"}],"curies":[{"name":"wp","href":"https:\/\/api.w.org\/{rel}","templated":true}]}}