{"id":12787,"date":"2022-10-03T11:13:45","date_gmt":"2022-10-03T11:13:45","guid":{"rendered":"https:\/\/sanchoabarcaboots.store\/aviso-legal\/"},"modified":"2024-02-02T11:26:37","modified_gmt":"2024-02-02T11:26:37","slug":"aviso-legal","status":"publish","type":"page","link":"https:\/\/sanchoabarcaboots.store\/de\/aviso-legal\/","title":{"rendered":"Rechtliche Warnung"},"content":{"rendered":"<div class=\"wpb-content-wrapper\"><p>[vc_row][vc_column][vc_column_text]Dieses Portal, dessen Eigent\u00fcmer ALAZAN BOOTS, S.L. ist. mit NIF: B-16980781, Adresse C\/ ISABEL LA CAT\u00d3LICA N\u00ba 5, 4\u00ba C, C.P- 03007- ALICANTE, Telefon +34 605 457 751 und mit E-Mail: info@sanchoabarcaboots.store<\/p>\n<table style=\"text-align: center\" width=\"100\">\n<tbody>\n<tr>\n<th>Reg. Mercantil<\/th>\n<th>Tomo<\/th>\n<th>Hoja<\/th>\n<th>Libro<\/th>\n<th>Folio<\/th>\n<th>Secci\u00f3n<\/th>\n<th>Anotaci\u00f3n<\/th>\n<\/tr>\n<tr>\n<td>Alicante<\/td>\n<td>4416<\/td>\n<td>A-176712<\/td>\n<td>0<\/td>\n<td>198<\/td>\n<td>8<\/td>\n<td>1\u00aa<\/td>\n<\/tr>\n<\/tbody>\n<\/table>\n<p>Geistiges und gewerbliches Eigentum<\/p>\n<p>Das Design des Portals und seiner Quellcodes sowie die darin erscheinenden Logos, Marken und anderen Unterscheidungszeichen sind Eigentum von ALAZAN BOOTS, S.L. und sind durch die entsprechenden geistigen und gewerblichen Eigentumsrechte gesch\u00fctzt.<\/p>\n<p>Inhaltliche Verantwortung<\/p>\n<p>ALAZAN BOOTS, S.L. ist nicht verantwortlich f\u00fcr die Rechtm\u00e4\u00dfigkeit anderer Websites Dritter, von denen aus auf das Portal zugegriffen werden kann. ALAZAN BOOTS, S.L. Sie ist auch nicht verantwortlich f\u00fcr die Rechtm\u00e4\u00dfigkeit anderer Websites Dritter, die von diesem Portal aus verlinkt oder verlinkt werden. ALAZAN BOOTS, S.L. beh\u00e4lt sich das Recht vor, ohne vorherige Ank\u00fcndigung \u00c4nderungen an der Website vorzunehmen, um ihre Informationen auf dem neuesten Stand zu halten, den ver\u00f6ffentlichten Inhalt oder das Design des Portals hinzuzuf\u00fcgen, zu \u00e4ndern, zu korrigieren oder zu entfernen. ALAZAN BOOTS, S.L. \u00fcbernimmt keine Verantwortung f\u00fcr die Nutzung der auf dem Portal ver\u00f6ffentlichten Informationen durch Dritte und auch nicht f\u00fcr erlittene Sch\u00e4den oder wirtschaftliche Verluste, die direkt oder indirekt zu wirtschaftlichen, materiellen oder datenbezogenen Sch\u00e4den f\u00fchren oder f\u00fchren k\u00f6nnen, die durch die Nutzung dieser Informationen verursacht werden Information.<\/p>\n<p>Inhalte abspielen<\/p>\n<p>Die vollst\u00e4ndige oder teilweise Vervielf\u00e4ltigung der auf dem Portal ver\u00f6ffentlichten Inhalte ist verboten, mit Ausnahme von Inhalten, die als offene Daten in der elektronischen Zentrale gelten und gem\u00e4\u00df den Bestimmungen des K\u00f6niglichen Dekrets 1495\/2011 vom 24. Oktober ver\u00f6ffentlicht werden.<\/p>\n<p>Anwendbares Recht<\/p>\n<p>Das anwendbare Recht im Falle einer Streitigkeit oder eines Konflikts bei der Auslegung der in diesem rechtlichen Hinweis enthaltenen Bedingungen sowie aller Fragen im Zusammenhang mit den Diensten dieses Portals ist spanisches Recht.[\/vc_column_text][\/vc_column][ \/vc_row]<\/p>\n<\/div>","protected":false},"excerpt":{"rendered":"<p>[vc_row][vc_column][vc_column_text]Dieses Portal, dessen Eigent\u00fcmer ALAZAN BOOTS, S.L. ist. mit NIF: B-16980781, Adresse C\/ ISABEL LA CAT\u00d3LICA N\u00ba 5, 4\u00ba C, C.P- 03007- ALICANTE, Telefon +34 605 457 751 und mit E-Mail: info@sanchoabarcaboots.store Reg. Mercantil Tomo Hoja Libro Folio Secci\u00f3n Anotaci\u00f3n Alicante 4416 A-176712 0 198 8 1\u00aa Geistiges und gewerbliches Eigentum Das Design des Portals [&hellip;]<\/p>\n","protected":false},"author":1,"featured_media":0,"parent":0,"menu_order":0,"comment_status":"closed","ping_status":"closed","template":"","meta":{"_seopress_robots_primary_cat":"","_seopress_titles_title":"","_seopress_titles_desc":"","_seopress_robots_index":"","_joinchat":[],"footnotes":""},"class_list":["post-12787","page","type-page","status-publish","hentry"],"_links":{"self":[{"href":"https:\/\/sanchoabarcaboots.store\/de\/wp-json\/wp\/v2\/pages\/12787","targetHints":{"allow":["GET"]}}],"collection":[{"href":"https:\/\/sanchoabarcaboots.store\/de\/wp-json\/wp\/v2\/pages"}],"about":[{"href":"https:\/\/sanchoabarcaboots.store\/de\/wp-json\/wp\/v2\/types\/page"}],"author":[{"embeddable":true,"href":"https:\/\/sanchoabarcaboots.store\/de\/wp-json\/wp\/v2\/users\/1"}],"replies":[{"embeddable":true,"href":"https:\/\/sanchoabarcaboots.store\/de\/wp-json\/wp\/v2\/comments?post=12787"}],"version-history":[{"count":3,"href":"https:\/\/sanchoabarcaboots.store\/de\/wp-json\/wp\/v2\/pages\/12787\/revisions"}],"predecessor-version":[{"id":13811,"href":"https:\/\/sanchoabarcaboots.store\/de\/wp-json\/wp\/v2\/pages\/12787\/revisions\/13811"}],"wp:attachment":[{"href":"https:\/\/sanchoabarcaboots.store\/de\/wp-json\/wp\/v2\/media?parent=12787"}],"curies":[{"name":"wp","href":"https:\/\/api.w.org\/{rel}","templated":true}]}}