{"id":12784,"date":"2022-10-10T07:38:44","date_gmt":"2022-10-10T07:38:44","guid":{"rendered":"https:\/\/sanchoabarcaboots.store\/tiendas\/"},"modified":"2026-01-08T16:48:49","modified_gmt":"2026-01-08T16:48:49","slug":"tiendas","status":"publish","type":"page","link":"https:\/\/sanchoabarcaboots.store\/de\/tiendas\/","title":{"rendered":"Gesch\u00e4fte"},"content":{"rendered":"<div class=\"wpb-content-wrapper\"><div class=\"wp-block-group\"><div class=\"wp-block-group__inner-container is-layout-constrained wp-block-group-is-layout-constrained\"><p>[vc_row][vc_column][vc_column_text]Der Online-Shop sanchoabacaboots.store ist ein kommerzielles Angebot f\u00fcr B2B und B2C von:<\/p>\n<p><strong>Alazan Boots S.L.<\/strong><\/p>\n<p>Calle Isabel La Cat\u00f3lica, N\u00ba 5, Planta 4, Puerta C, 03007 Alicante (ESPA\u00d1A)<br \/>Tel\u00e9fono +34 605 45 77 51<br \/>info@sanchoabarcaboots.store<br \/>Administrador: Javier Fajardo<br \/>C.I.F.: B-16980781<\/p>\n<p><strong>Log\u00edstica y devoluciones:<\/strong><br \/><strong>Alazan Boots S.L.<\/strong><br \/>Calle de la Libra, 118, 03114 Alicante (ESPA\u00d1A)<br \/>Tel\u00e9fono +34 605 45 77 51<\/p>\n<p><strong>Gesch\u00e4fte finden:<\/strong><\/p>\n<p>Besuchen Sie uns!<br \/>Lebst du in Spanien oder planst du eine Reise ins Land? Dann besuchen Sie einfach unseren Showroom in Alicante. Montag bis Samstag: zwischen 10:00 und 20:00 Uhr, Uhr ber\u00e4t Sie ein kompetenter Mitarbeiter unseres Teams in einem pers\u00f6nlichen Gespr\u00e4ch vor Ort. Wir freuen uns darauf, Sie kennenzulernen.<\/p>\n<p><img loading=\"lazy\" decoding=\"async\" class=\"alignleft\" src=\"https:\/\/www.sanchoabarcaboots.com\/media\/wysiwyg\/Startseite\/LOGO-Bild-Abarca_black.jpg\" width=\"143\" height=\"136\" \/><\/p>\n<p style=\"padding-left: 240px\"><strong>Sancho Abarca Boots-Spanien<\/strong><br \/><strong>Paco Lim\u00f3n, S.L.<\/strong><br \/>Plaza Mayor, 38, 03501 Benidorm (ALICANTE)<br \/>Tel\u00e9fono +34 605 45 77 51 y 965853605<br \/>info@sanchoabarcaboots.store<br \/><a href=\"https:\/\/www.sanchoabarcaboots.store\/\">https:\/\/www.sanchoabarcaboots.store\/<\/a><\/p>\n<hr \/>\n<p><img loading=\"lazy\" decoding=\"async\" class=\"alignleft\" src=\"https:\/\/www.sanchoabarcaboots.com\/media\/wysiwyg\/Startseite\/LOGO-Bild-Abarca_black.jpg\" width=\"143\" height=\"136\" \/><\/p>\n<p style=\"padding-left: 240px\"><strong>Sancho Abarca Boots-Deutschland<\/strong><br \/><strong>Boots by Boots<\/strong><br \/>Gerberstra\u00dfe, 5 F, 70178 Stuttgart (DEUTSCHLAND)<br \/>Phone +49 (0) 711 6498955<br \/>info@bootsbyboots.de<br \/><a href=\"https:\/\/www.bootsbyboots.de\/\">https:\/\/www.bootsbyboots.de\/<\/a><\/p>\n<hr \/>\n<p><img loading=\"lazy\" decoding=\"async\" class=\"alignleft\" src=\"https:\/\/www.sanchoabarcaboots.com\/media\/wysiwyg\/Startseite\/LOGO-Bild-Abarca_black.jpg\" width=\"143\" height=\"136\" \/><\/p>\n<p style=\"padding-left: 240px\"><strong>Sancho Abarca Boots-Schweiz<\/strong><br \/><strong>Sancho Store Boots &amp; Shoes<\/strong><br \/>Alte Bernstrasse, 1, CH-3205 G\u00fcmmenen (SCHWEIZ)<br \/>Phone +41 (0) 31 747 07 83<br \/>info@sancho-store.ch<br \/><a href=\"https:\/\/www.sancho-store.ch\/\">https:\/\/www.sancho-store.ch\/<\/a><\/p>\n<hr \/>\n<p><img loading=\"lazy\" decoding=\"async\" class=\"alignleft\" src=\"https:\/\/www.sanchoabarcaboots.com\/media\/wysiwyg\/Startseite\/LOGO-Bild-Abarca_black.jpg\" width=\"143\" height=\"136\" \/><\/p>\n<p style=\"padding-left: 240px\"><strong>Sancho Abarca Boots-Niederlande<\/strong><br \/><strong>Taft Shoes<\/strong><br \/>Sloterweg 303 D, 1171 VC Badhoevedorp (NIEDERLANDE)<br \/>Phone +31 (0) 20 659 3444<br \/><a href=\"https:\/\/www.taft.nl\/\">https:\/\/www.taft.nl\/<\/a><\/p>\n<hr \/>\n<p><img loading=\"lazy\" decoding=\"async\" class=\"alignleft\" src=\"https:\/\/www.sanchoabarcaboots.com\/media\/wysiwyg\/Startseite\/LOGO-Bild-Abarca_black.jpg\" width=\"143\" height=\"136\" \/><\/p>\n<p style=\"padding-left: 240px\"><strong>Sancho Abarca Boots-Frankreich<\/strong><br \/><strong>Western Candy<\/strong><br \/>Centre Comercial Agora Regional EVRY 2, Boulevard de L\u00b4Europe CE 100 91000 EVRY CEDEX-Courcouronnes (FRANKREICH)<br \/>Phone +33 (0) 1 60 77 27 10<br \/>westerncandy@wanadoo.fr<br \/><a href=\"https:\/\/www.westerncandy.fr\/\">https:\/\/www.westerncandy.fr\/<\/a><\/p>\n<hr \/>\n<p><img loading=\"lazy\" decoding=\"async\" class=\"alignleft\" src=\"https:\/\/www.sanchoabarcaboots.com\/media\/wysiwyg\/Startseite\/LOGO-Bild-Abarca_black.jpg\" width=\"143\" height=\"136\" \/><\/p>\n<p style=\"padding-left: 240px\"><strong>Sancho Abarca Boots-\u00d6sterreich<\/strong><br \/><strong>Skaloud Boots<\/strong><br \/>Skodagasse 19, 1080 Wien (\u00d6STERREICH)<br \/>Telefon +43 (1) 990 23 16<br \/>office@boots-int.at<br \/><a href=\"https:\/\/www.boots-int.at\/\">https:\/\/www.boots-int.at\/<\/a><\/p>\n<hr \/>\n<h3>Copyright<\/h3>\n<p>Die Rechte an allen Inhalten, Fotos und Grafiken auf dieser Website liegen bei https:\/\/sanchoabarcaboots.store und d\u00fcrfen ohne Zustimmung der Verantwortlichen nicht f\u00fcr andere Zwecke verwendet werden.[\/vc_column_text][\/vc_column][\/vc_row]<\/p><\/div><\/div><\/div>","protected":false},"excerpt":{"rendered":"<p>[vc_row][vc_column][vc_column_text]Der Online-Shop sanchoabacaboots.store ist ein kommerzielles Angebot f\u00fcr B2B und B2C von: Alazan Boots S.L. Calle Isabel La Cat\u00f3lica, N\u00ba 5, Planta 4, Puerta C, 03007 Alicante (ESPA\u00d1A)Tel\u00e9fono +34 605 45 77 51info@sanchoabarcaboots.storeAdministrador: Javier FajardoC.I.F.: B-16980781 Log\u00edstica y devoluciones:Alazan Boots S.L.Calle de la Libra, 118, 03114 Alicante (ESPA\u00d1A)Tel\u00e9fono +34 605 45 77 51 Gesch\u00e4fte finden: [&hellip;]<\/p>\n","protected":false},"author":1,"featured_media":0,"parent":0,"menu_order":0,"comment_status":"closed","ping_status":"closed","template":"","meta":{"_seopress_robots_primary_cat":"","_seopress_titles_title":"sancho","_seopress_titles_desc":"","_seopress_robots_index":"","_joinchat":[],"footnotes":""},"class_list":["post-12784","page","type-page","status-publish","hentry"],"_links":{"self":[{"href":"https:\/\/sanchoabarcaboots.store\/de\/wp-json\/wp\/v2\/pages\/12784","targetHints":{"allow":["GET"]}}],"collection":[{"href":"https:\/\/sanchoabarcaboots.store\/de\/wp-json\/wp\/v2\/pages"}],"about":[{"href":"https:\/\/sanchoabarcaboots.store\/de\/wp-json\/wp\/v2\/types\/page"}],"author":[{"embeddable":true,"href":"https:\/\/sanchoabarcaboots.store\/de\/wp-json\/wp\/v2\/users\/1"}],"replies":[{"embeddable":true,"href":"https:\/\/sanchoabarcaboots.store\/de\/wp-json\/wp\/v2\/comments?post=12784"}],"version-history":[{"count":9,"href":"https:\/\/sanchoabarcaboots.store\/de\/wp-json\/wp\/v2\/pages\/12784\/revisions"}],"predecessor-version":[{"id":14842,"href":"https:\/\/sanchoabarcaboots.store\/de\/wp-json\/wp\/v2\/pages\/12784\/revisions\/14842"}],"wp:attachment":[{"href":"https:\/\/sanchoabarcaboots.store\/de\/wp-json\/wp\/v2\/media?parent=12784"}],"curies":[{"name":"wp","href":"https:\/\/api.w.org\/{rel}","templated":true}]}}