{"id":12782,"date":"2022-11-25T09:26:53","date_gmt":"2022-11-25T09:26:53","guid":{"rendered":"https:\/\/sanchoabarcaboots.store\/como-lo-hacemos\/"},"modified":"2023-06-12T08:56:27","modified_gmt":"2023-06-12T08:56:27","slug":"como-lo-hacemos","status":"publish","type":"page","link":"https:\/\/sanchoabarcaboots.store\/de\/como-lo-hacemos\/","title":{"rendered":"\u00bfWIE MACHEN WIR ES?"},"content":{"rendered":"<div class=\"wpb-content-wrapper\"><p>[vc_row][vc_column]<div class=\"porto-u-heading  wpb_custom_95aa9a11c17ad45cfabaf210d84ee7cc porto-u-55ca8359258f9a412be7e73af65d2aac \"><div class=\"porto-u-main-heading\"><h2  >Wie unsere Sancho Abarca Stiefel und Schuhe hergestellt werden<\/h2><\/div><style>.porto-u-55ca8359258f9a412be7e73af65d2aac.porto-u-heading{text-align:center}<\/style><\/div>[\/vc_column][\/vc_row][vc_row][vc_column width=&#8220;1\/3&#8243;]<div class=\"porto-carousel owl-carousel has-ccols ccols-xl-1 ccols-lg-1 ccols-md-1 ccols-sm-1 ccols-1 wpb_custom_c86c2fb53cae9eced42d4b8900a042f3\" data-plugin-options=\"{&quot;themeConfig&quot;:true,&quot;stagePadding&quot;:0,&quot;margin&quot;:0,&quot;autoplay&quot;:&quot;yes&quot;,&quot;mouseDrag&quot;:true,&quot;touchDrag&quot;:true,&quot;autoplayTimeout&quot;:3000,&quot;autoplayHoverPause&quot;:&quot;true&quot;,&quot;items&quot;:1,&quot;xl&quot;:1,&quot;lg&quot;:1,&quot;md&quot;:1,&quot;sm&quot;:1,&quot;xs&quot;:1,&quot;nav&quot;:false,&quot;dots&quot;:&quot;yes&quot;,&quot;animateIn&quot;:&quot;&quot;,&quot;animateOut&quot;:&quot;fadeOut&quot;,&quot;loop&quot;:&quot;yes&quot;,&quot;center&quot;:false,&quot;video&quot;:false,&quot;lazyLoad&quot;:false,&quot;fullscreen&quot;:false}\">[vc_single_image image=&#8220;11128&#8243; img_size=&#8220;400&#8243; alignment=&#8220;center&#8220; el_class=&#8220;m-b-none&#8220;][vc_single_image image=&#8220;11132&#8243; img_size=&#8220;400&#8243; alignment=&#8220;center&#8220; el_class=&#8220;m-b-none&#8220;]<\/div>[\/vc_column][vc_column width=&#8220;1\/3&#8243;][vc_column_text]<\/p>\n<p>Die Goodyear Welted-Konstruktion gew\u00e4hrleistet Festigkeit, Haltbarkeit und Reparatureigenschaften, indem das Oberleder, das Futterleder und der Rahmen (ein speziell vorbereitetes St\u00fcck Leder) mit der Rippe vern\u00e4ht werden, die bereits mit der Innensohle verklebt wurde. Anschlie\u00dfend wird der Rahmen mit der Leder- oder Gummisohle vern\u00e4ht. Diese letzte Naht, die die Sohle an Ort und Stelle h\u00e4lt, k\u00f6nnen wir abschneiden, um eine vollst\u00e4ndige Entfernung der Sohle zu erm\u00f6glichen, ohne das Obermaterial zu besch\u00e4digen.<\/p>\n<p>Die Konstruktion von Goodyear Welted-Konstruktionen ist teuer, zeitaufw\u00e4ndig und erfordert hochqualifizierte Arbeitskr\u00e4fte. Vor Hunderten von Jahren erfunden, gilt es auch heute noch als eine der besten Schuhkonstruktionsmethoden.<\/p>\n<p>[\/vc_column_text][\/vc_column][vc_column width=&#8220;1\/3&#8243;]<div class=\"porto-carousel owl-carousel has-ccols ccols-xl-1 ccols-lg-1 ccols-md-1 ccols-sm-1 ccols-1 wpb_custom_c86c2fb53cae9eced42d4b8900a042f3\" data-plugin-options=\"{&quot;themeConfig&quot;:true,&quot;stagePadding&quot;:0,&quot;margin&quot;:0,&quot;autoplay&quot;:&quot;yes&quot;,&quot;mouseDrag&quot;:true,&quot;touchDrag&quot;:true,&quot;autoplayTimeout&quot;:1000,&quot;autoplayHoverPause&quot;:&quot;true&quot;,&quot;items&quot;:1,&quot;xl&quot;:1,&quot;lg&quot;:1,&quot;md&quot;:1,&quot;sm&quot;:1,&quot;xs&quot;:1,&quot;nav&quot;:false,&quot;dots&quot;:&quot;yes&quot;,&quot;animateIn&quot;:&quot;&quot;,&quot;animateOut&quot;:&quot;fadeOut&quot;,&quot;loop&quot;:&quot;yes&quot;,&quot;center&quot;:false,&quot;video&quot;:false,&quot;lazyLoad&quot;:false,&quot;fullscreen&quot;:false}\">[vc_single_image image=&#8220;11144&#8243; img_size=&#8220;400&#8243; alignment=&#8220;center&#8220; el_class=&#8220;m-b-none&#8220;][vc_single_image image=&#8220;11148&#8243; img_size=&#8220;400&#8243; alignment=&#8220;center&#8220; el_class=&#8220;m-b-none&#8220; label=&#8220;&#8220;][vc_single_image image=&#8220;11156&#8243; img_size=&#8220;400&#8243; alignment=&#8220;center&#8220; el_class=&#8220;m-b-none&#8220;][vc_single_image image=&#8220;11160&#8243; img_size=&#8220;400&#8243; alignment=&#8220;center&#8220; el_class=&#8220;m-b-none&#8220;][vc_single_image image=&#8220;11164&#8243; img_size=&#8220;400&#8243; alignment=&#8220;center&#8220; el_class=&#8220;m-b-none&#8220;][vc_single_image image=&#8220;11168&#8243; img_size=&#8220;400&#8243; alignment=&#8220;center&#8220; el_class=&#8220;m-b-none&#8220;][vc_single_image image=&#8220;11176&#8243; img_size=&#8220;400&#8243; alignment=&#8220;center&#8220; el_class=&#8220;m-b-none&#8220;][vc_single_image image=&#8220;11180&#8243; img_size=&#8220;400&#8243; alignment=&#8220;center&#8220; el_class=&#8220;m-b-none&#8220;][vc_single_image image=&#8220;11184&#8243; img_size=&#8220;400&#8243; alignment=&#8220;center&#8220; el_class=&#8220;m-b-none&#8220;][vc_single_image image=&#8220;11188&#8243; img_size=&#8220;400&#8243; alignment=&#8220;center&#8220; el_class=&#8220;m-b-none&#8220;][vc_single_image image=&#8220;11192&#8243; img_size=&#8220;400&#8243; alignment=&#8220;center&#8220; el_class=&#8220;m-b-none&#8220;][vc_single_image image=&#8220;11196&#8243; img_size=&#8220;400&#8243; alignment=&#8220;center&#8220; el_class=&#8220;m-b-none&#8220; label=&#8220;&#8220;]<\/div>[\/vc_column][\/vc_row][vc_row full_width=&#8220;stretch_row&#8220; css=&#8220;.vc_custom_1676985906695{padding-top: 50px !important;background-color: #c3cad0a1 !important;}&#8220;][vc_column width=&#8220;1\/2&#8243;]<div class=\"porto-carousel owl-carousel has-ccols ccols-xl-1 ccols-lg-1 ccols-md-1 ccols-sm-1 ccols-1 wpb_custom_c86c2fb53cae9eced42d4b8900a042f3\" data-plugin-options=\"{&quot;themeConfig&quot;:true,&quot;stagePadding&quot;:0,&quot;margin&quot;:0,&quot;autoplay&quot;:&quot;yes&quot;,&quot;mouseDrag&quot;:true,&quot;touchDrag&quot;:true,&quot;autoplayTimeout&quot;:3000,&quot;autoplayHoverPause&quot;:&quot;true&quot;,&quot;items&quot;:1,&quot;xl&quot;:1,&quot;lg&quot;:1,&quot;md&quot;:1,&quot;sm&quot;:1,&quot;xs&quot;:1,&quot;nav&quot;:false,&quot;dots&quot;:&quot;yes&quot;,&quot;animateIn&quot;:&quot;&quot;,&quot;animateOut&quot;:&quot;fadeOut&quot;,&quot;loop&quot;:&quot;yes&quot;,&quot;center&quot;:false,&quot;video&quot;:false,&quot;lazyLoad&quot;:false,&quot;fullscreen&quot;:false}\">[vc_single_image image=&#8220;11204&#8243; img_size=&#8220;400&#8243; alignment=&#8220;center&#8220; el_class=&#8220;m-b-none&#8220;][vc_single_image image=&#8220;11208&#8243; img_size=&#8220;400&#8243; alignment=&#8220;center&#8220; el_class=&#8220;m-b-none&#8220;]<\/div>[\/vc_column][vc_column width=&#8220;1\/2&#8243;][vc_column_text]<\/p>\n<h3 style=\"text-align: center\"><strong>SANCHO<\/strong> ABARCA<\/h3>\n<p class=\"frase-sancho\" style=\"text-align: center\"><em>Tradici\u00f3n , artesan\u00eda , dise\u00f1o, confort.<\/em><\/p>\n<p class=\"frase-sancho\" style=\"text-align: center\">Hechas en piel, fabricada en Espa\u00f1a.<\/p>\n<p><img loading=\"lazy\" decoding=\"async\" class=\"aligncenter wp-image-11092 size-medium\" src=\"https:\/\/sanchoabarcaboots.store\/wp-content\/uploads\/2023\/02\/banner-handmade-300x191.png\" alt=\"\" width=\"300\" height=\"191\" \/>[\/vc_column_text][\/vc_column][\/vc_row]<\/p>\n<\/div>","protected":false},"excerpt":{"rendered":"<p>[vc_row][vc_column][\/vc_column][\/vc_row][vc_row][vc_column width=&#8220;1\/3&#8243;][\/vc_column][vc_column width=&#8220;1\/3&#8243;][vc_column_text] Die Goodyear Welted-Konstruktion gew\u00e4hrleistet Festigkeit, Haltbarkeit und Reparatureigenschaften, indem das Oberleder, das Futterleder und der Rahmen (ein speziell vorbereitetes St\u00fcck Leder) mit der Rippe vern\u00e4ht werden, die bereits mit der Innensohle verklebt wurde. Anschlie\u00dfend wird der Rahmen mit der Leder- oder Gummisohle vern\u00e4ht. Diese letzte Naht, die die Sohle an Ort und [&hellip;]<\/p>\n","protected":false},"author":1,"featured_media":0,"parent":0,"menu_order":0,"comment_status":"closed","ping_status":"closed","template":"","meta":{"_seopress_robots_primary_cat":"","_seopress_titles_title":"","_seopress_titles_desc":"","_seopress_robots_index":"","_joinchat":[],"footnotes":""},"class_list":["post-12782","page","type-page","status-publish","hentry"],"_links":{"self":[{"href":"https:\/\/sanchoabarcaboots.store\/de\/wp-json\/wp\/v2\/pages\/12782","targetHints":{"allow":["GET"]}}],"collection":[{"href":"https:\/\/sanchoabarcaboots.store\/de\/wp-json\/wp\/v2\/pages"}],"about":[{"href":"https:\/\/sanchoabarcaboots.store\/de\/wp-json\/wp\/v2\/types\/page"}],"author":[{"embeddable":true,"href":"https:\/\/sanchoabarcaboots.store\/de\/wp-json\/wp\/v2\/users\/1"}],"replies":[{"embeddable":true,"href":"https:\/\/sanchoabarcaboots.store\/de\/wp-json\/wp\/v2\/comments?post=12782"}],"version-history":[{"count":4,"href":"https:\/\/sanchoabarcaboots.store\/de\/wp-json\/wp\/v2\/pages\/12782\/revisions"}],"predecessor-version":[{"id":13463,"href":"https:\/\/sanchoabarcaboots.store\/de\/wp-json\/wp\/v2\/pages\/12782\/revisions\/13463"}],"wp:attachment":[{"href":"https:\/\/sanchoabarcaboots.store\/de\/wp-json\/wp\/v2\/media?parent=12782"}],"curies":[{"name":"wp","href":"https:\/\/api.w.org\/{rel}","templated":true}]}}